{"id":120,"date":"2023-03-24T17:43:32","date_gmt":"2023-03-24T16:43:32","guid":{"rendered":"https:\/\/grundschulehw.wordpress.com\/?page_id=120"},"modified":"2026-02-27T07:29:45","modified_gmt":"2026-02-27T07:29:45","slug":"kollegium","status":"publish","type":"page","link":"https:\/\/gshemmingen-westerfeld.de\/index.php\/kollegium\/","title":{"rendered":"Kollegium"},"content":{"rendered":"\n<h1 class=\"wp-block-heading has-text-align-center\"><strong>Kollegium<\/strong><\/h1>\n\n\n\n<div style=\"height:47px\" aria-hidden=\"true\" class=\"wp-block-spacer\"><\/div>\n\n\n\n<p class=\"has-text-align-center\">Email Kontakt: <\/p>\n\n\n\n<p class=\"has-text-align-center\"><span style=\"text-decoration: underline\"><strong>nachname<\/strong><\/span> @gshemmingen-westerfeld.de<\/p>\n\n\n\n<p><\/p>\n\n\n\n<figure class=\"wp-block-image aligncenter size-large has-custom-border is-style-rounded\"><img loading=\"lazy\" decoding=\"async\" width=\"1024\" height=\"768\" src=\"https:\/\/gshemmingen-westerfeld.de\/wp-content\/uploads\/2023\/11\/Kollegium_klein-1024x768.jpg\" alt=\"\" class=\"wp-image-1277\" style=\"border-radius:20px\" srcset=\"https:\/\/gshemmingen-westerfeld.de\/wp-content\/uploads\/2023\/11\/Kollegium_klein-1024x768.jpg 1024w, https:\/\/gshemmingen-westerfeld.de\/wp-content\/uploads\/2023\/11\/Kollegium_klein-300x225.jpg 300w, https:\/\/gshemmingen-westerfeld.de\/wp-content\/uploads\/2023\/11\/Kollegium_klein-768x576.jpg 768w, https:\/\/gshemmingen-westerfeld.de\/wp-content\/uploads\/2023\/11\/Kollegium_klein-1536x1152.jpg 1536w, https:\/\/gshemmingen-westerfeld.de\/wp-content\/uploads\/2023\/11\/Kollegium_klein-2048x1536.jpg 2048w\" sizes=\"auto, (max-width: 1024px) 100vw, 1024px\" \/><\/figure>\n\n\n\n<h3 class=\"wp-block-heading has-text-align-center\">Lehrerinnen<\/h3>\n\n\n\n<div class=\"wp-block-columns alignwide is-layout-flex wp-container-core-columns-is-layout-1 wp-block-columns-is-layout-flex\">\n<div class=\"wp-block-column is-layout-flow wp-block-column-is-layout-flow\">\n<figure class=\"wp-block-image aligncenter size-full is-resized has-custom-border\"><img loading=\"lazy\" decoding=\"async\" width=\"368\" height=\"433\" src=\"https:\/\/gshemmingen-westerfeld.de\/wp-content\/uploads\/2023\/06\/IMG_3144.jpeg\" alt=\"\" class=\"wp-image-1197\" style=\"border-radius:20px;aspect-ratio:0.8498845265588915;width:174px;height:auto\" srcset=\"https:\/\/gshemmingen-westerfeld.de\/wp-content\/uploads\/2023\/06\/IMG_3144.jpeg 368w, https:\/\/gshemmingen-westerfeld.de\/wp-content\/uploads\/2023\/06\/IMG_3144-255x300.jpeg 255w\" sizes=\"auto, (max-width: 368px) 100vw, 368px\" \/><\/figure>\n\n\n\n<p class=\"has-text-align-center has-small-font-size\">Frau Bartels-Prinz<\/p>\n<\/div>\n\n\n\n<div class=\"wp-block-column is-layout-flow wp-block-column-is-layout-flow\">\n<figure class=\"wp-block-image aligncenter size-large is-resized has-custom-border\"><img loading=\"lazy\" decoding=\"async\" width=\"768\" height=\"1024\" src=\"https:\/\/gshemmingen-westerfeld.de\/wp-content\/uploads\/2023\/06\/IMG_3136-768x1024.jpeg\" alt=\"\" class=\"wp-image-1178\" style=\"border-radius:20px;aspect-ratio:0.75;width:182px;height:auto\" srcset=\"https:\/\/gshemmingen-westerfeld.de\/wp-content\/uploads\/2023\/06\/IMG_3136-768x1024.jpeg 768w, https:\/\/gshemmingen-westerfeld.de\/wp-content\/uploads\/2023\/06\/IMG_3136-225x300.jpeg 225w, https:\/\/gshemmingen-westerfeld.de\/wp-content\/uploads\/2023\/06\/IMG_3136-1152x1536.jpeg 1152w, https:\/\/gshemmingen-westerfeld.de\/wp-content\/uploads\/2023\/06\/IMG_3136-1536x2048.jpeg 1536w, https:\/\/gshemmingen-westerfeld.de\/wp-content\/uploads\/2023\/06\/IMG_3136-scaled.jpeg 1920w\" sizes=\"auto, (max-width: 768px) 100vw, 768px\" \/><\/figure>\n\n\n\n<p class=\"has-text-align-center has-small-font-size\">Frau B\u00fcngeler<\/p>\n<\/div>\n\n\n\n<div class=\"wp-block-column is-layout-flow wp-block-column-is-layout-flow\">\n<figure class=\"wp-block-image aligncenter size-large is-resized has-custom-border\"><img loading=\"lazy\" decoding=\"async\" width=\"722\" height=\"1024\" src=\"https:\/\/gshemmingen-westerfeld.de\/wp-content\/uploads\/2023\/12\/Bildschirmfoto-2023-12-01-um-20.48.22-722x1024.png\" alt=\"\" class=\"wp-image-1419\" style=\"border-radius:20px;aspect-ratio:0.7971014492753623;width:183px;height:auto\" srcset=\"https:\/\/gshemmingen-westerfeld.de\/wp-content\/uploads\/2023\/12\/Bildschirmfoto-2023-12-01-um-20.48.22-722x1024.png 722w, https:\/\/gshemmingen-westerfeld.de\/wp-content\/uploads\/2023\/12\/Bildschirmfoto-2023-12-01-um-20.48.22-212x300.png 212w, https:\/\/gshemmingen-westerfeld.de\/wp-content\/uploads\/2023\/12\/Bildschirmfoto-2023-12-01-um-20.48.22-768x1089.png 768w, https:\/\/gshemmingen-westerfeld.de\/wp-content\/uploads\/2023\/12\/Bildschirmfoto-2023-12-01-um-20.48.22.png 910w\" sizes=\"auto, (max-width: 722px) 100vw, 722px\" \/><\/figure>\n\n\n\n<p class=\"has-text-align-center has-small-font-size\">Frau Damitz<\/p>\n<\/div>\n\n\n\n<div class=\"wp-block-column is-layout-flow wp-block-column-is-layout-flow\">\n<figure class=\"wp-block-image aligncenter size-large is-resized has-custom-border\"><img loading=\"lazy\" decoding=\"async\" width=\"768\" height=\"1024\" src=\"https:\/\/gshemmingen-westerfeld.de\/wp-content\/uploads\/2023\/06\/IMG_3139-768x1024.jpeg\" alt=\"\" class=\"wp-image-1183\" style=\"border-radius:20px;aspect-ratio:0.75;width:184px;height:auto\" srcset=\"https:\/\/gshemmingen-westerfeld.de\/wp-content\/uploads\/2023\/06\/IMG_3139-768x1024.jpeg 768w, https:\/\/gshemmingen-westerfeld.de\/wp-content\/uploads\/2023\/06\/IMG_3139-225x300.jpeg 225w, https:\/\/gshemmingen-westerfeld.de\/wp-content\/uploads\/2023\/06\/IMG_3139-1152x1536.jpeg 1152w, https:\/\/gshemmingen-westerfeld.de\/wp-content\/uploads\/2023\/06\/IMG_3139-1536x2048.jpeg 1536w, https:\/\/gshemmingen-westerfeld.de\/wp-content\/uploads\/2023\/06\/IMG_3139-scaled.jpeg 1920w\" sizes=\"auto, (max-width: 768px) 100vw, 768px\" \/><\/figure>\n\n\n\n<p class=\"has-text-align-center has-small-font-size\">Frau Friedrich<\/p>\n<\/div>\n\n\n\n<div class=\"wp-block-column is-layout-flow wp-block-column-is-layout-flow\">\n<figure class=\"wp-block-image aligncenter size-large is-resized has-custom-border\"><img loading=\"lazy\" decoding=\"async\" width=\"495\" height=\"621\" src=\"https:\/\/grundschulehw.files.wordpress.com\/2023\/03\/person-1.png?w=495\" alt=\"\" class=\"wp-image-364\" style=\"border-radius:20px;aspect-ratio:0.7971014492753623;width:189px;height:auto\"\/><\/figure>\n\n\n\n<p class=\"has-text-align-center has-small-font-size\">Frau Fr\u00f6hnel-Axthelm<\/p>\n<\/div>\n<\/div>\n\n\n\n<div class=\"wp-block-columns alignwide is-layout-flex wp-container-core-columns-is-layout-2 wp-block-columns-is-layout-flex\">\n<div class=\"wp-block-column is-layout-flow wp-block-column-is-layout-flow\">\n<figure class=\"wp-block-image aligncenter size-large is-resized has-custom-border\"><img loading=\"lazy\" decoding=\"async\" width=\"740\" height=\"1024\" src=\"https:\/\/gshemmingen-westerfeld.de\/wp-content\/uploads\/2024\/08\/IMG_0599-740x1024.jpeg\" alt=\"\" class=\"wp-image-1658\" style=\"border-radius:20px;aspect-ratio:0.7971014492753623;width:189px;height:auto\" srcset=\"https:\/\/gshemmingen-westerfeld.de\/wp-content\/uploads\/2024\/08\/IMG_0599-740x1024.jpeg 740w, https:\/\/gshemmingen-westerfeld.de\/wp-content\/uploads\/2024\/08\/IMG_0599-217x300.jpeg 217w, https:\/\/gshemmingen-westerfeld.de\/wp-content\/uploads\/2024\/08\/IMG_0599-768x1063.jpeg 768w, https:\/\/gshemmingen-westerfeld.de\/wp-content\/uploads\/2024\/08\/IMG_0599-1110x1536.jpeg 1110w, https:\/\/gshemmingen-westerfeld.de\/wp-content\/uploads\/2024\/08\/IMG_0599.jpeg 1462w\" sizes=\"auto, (max-width: 740px) 100vw, 740px\" \/><\/figure>\n\n\n\n<p class=\"has-text-align-center has-small-font-size\">Frau F\u00f6rster-Gieseke<\/p>\n<\/div>\n\n\n\n<div class=\"wp-block-column is-layout-flow wp-block-column-is-layout-flow\">\n<figure class=\"wp-block-image aligncenter size-large is-resized has-custom-border\"><img loading=\"lazy\" decoding=\"async\" width=\"768\" height=\"1024\" src=\"https:\/\/gshemmingen-westerfeld.de\/wp-content\/uploads\/2023\/06\/IMG_3138-768x1024.jpeg\" alt=\"\" class=\"wp-image-1185\" style=\"border-radius:20px;aspect-ratio:0.75;width:196px;height:auto\" srcset=\"https:\/\/gshemmingen-westerfeld.de\/wp-content\/uploads\/2023\/06\/IMG_3138-768x1024.jpeg 768w, https:\/\/gshemmingen-westerfeld.de\/wp-content\/uploads\/2023\/06\/IMG_3138-225x300.jpeg 225w, https:\/\/gshemmingen-westerfeld.de\/wp-content\/uploads\/2023\/06\/IMG_3138-1152x1536.jpeg 1152w, https:\/\/gshemmingen-westerfeld.de\/wp-content\/uploads\/2023\/06\/IMG_3138-1536x2048.jpeg 1536w, https:\/\/gshemmingen-westerfeld.de\/wp-content\/uploads\/2023\/06\/IMG_3138-scaled.jpeg 1920w\" sizes=\"auto, (max-width: 768px) 100vw, 768px\" \/><\/figure>\n\n\n\n<p class=\"has-text-align-center has-small-font-size\">Frau Jakobs<\/p>\n<\/div>\n\n\n\n<div class=\"wp-block-column is-layout-flow wp-block-column-is-layout-flow\">\n<figure class=\"wp-block-image aligncenter size-large is-resized has-custom-border\"><img loading=\"lazy\" decoding=\"async\" width=\"495\" height=\"621\" src=\"https:\/\/grundschulehw.files.wordpress.com\/2023\/03\/person-1.png?w=495\" alt=\"\" class=\"wp-image-364\" style=\"border-radius:20px;aspect-ratio:0.7971014492753623;width:201px;height:auto\"\/><\/figure>\n\n\n\n<p class=\"has-text-align-center has-small-font-size\">Frau Jennings<\/p>\n<\/div>\n\n\n\n<div class=\"wp-block-column is-layout-flow wp-block-column-is-layout-flow\">\n<figure class=\"wp-block-image aligncenter size-large is-resized has-custom-border\"><img loading=\"lazy\" decoding=\"async\" width=\"751\" height=\"1024\" src=\"https:\/\/gshemmingen-westerfeld.de\/wp-content\/uploads\/2023\/06\/kolomizki-751x1024.jpeg\" alt=\"\" class=\"wp-image-1175\" style=\"border-radius:20px;aspect-ratio:0.7333984375;width:180px;height:auto\" srcset=\"https:\/\/gshemmingen-westerfeld.de\/wp-content\/uploads\/2023\/06\/kolomizki-751x1024.jpeg 751w, https:\/\/gshemmingen-westerfeld.de\/wp-content\/uploads\/2023\/06\/kolomizki-220x300.jpeg 220w, https:\/\/gshemmingen-westerfeld.de\/wp-content\/uploads\/2023\/06\/kolomizki-768x1047.jpeg 768w, https:\/\/gshemmingen-westerfeld.de\/wp-content\/uploads\/2023\/06\/kolomizki.jpeg 784w\" sizes=\"auto, (max-width: 751px) 100vw, 751px\" \/><\/figure>\n\n\n\n<p class=\"has-text-align-center has-small-font-size\">Frau Kolomizki<\/p>\n<\/div>\n<\/div>\n\n\n\n<div class=\"wp-block-columns alignwide is-layout-flex wp-container-core-columns-is-layout-3 wp-block-columns-is-layout-flex\">\n<div class=\"wp-block-column is-layout-flow wp-block-column-is-layout-flow\">\n<figure class=\"wp-block-image aligncenter size-large is-resized has-custom-border\"><img loading=\"lazy\" decoding=\"async\" width=\"495\" height=\"621\" src=\"https:\/\/grundschulehw.files.wordpress.com\/2023\/03\/person-1.png?w=495\" alt=\"\" class=\"wp-image-364\" style=\"border-radius:20px;aspect-ratio:0.7971014492753623;width:189px;height:auto\"\/><\/figure>\n\n\n\n<p class=\"has-text-align-center has-small-font-size\">Frau Lubert<\/p>\n<\/div>\n\n\n\n<div class=\"wp-block-column is-layout-flow wp-block-column-is-layout-flow\">\n<figure class=\"wp-block-image aligncenter size-large is-resized has-custom-border\"><img loading=\"lazy\" decoding=\"async\" width=\"768\" height=\"1024\" src=\"https:\/\/gshemmingen-westerfeld.de\/wp-content\/uploads\/2023\/06\/gshw-13-768x1024.jpeg\" alt=\"\" class=\"wp-image-1023\" style=\"border-radius:20px;aspect-ratio:0.75;width:190px;height:auto\" srcset=\"https:\/\/gshemmingen-westerfeld.de\/wp-content\/uploads\/2023\/06\/gshw-13-768x1024.jpeg 768w, https:\/\/gshemmingen-westerfeld.de\/wp-content\/uploads\/2023\/06\/gshw-13-225x300.jpeg 225w, https:\/\/gshemmingen-westerfeld.de\/wp-content\/uploads\/2023\/06\/gshw-13-1152x1536.jpeg 1152w, https:\/\/gshemmingen-westerfeld.de\/wp-content\/uploads\/2023\/06\/gshw-13.jpeg 1536w\" sizes=\"auto, (max-width: 768px) 100vw, 768px\" \/><\/figure>\n\n\n\n<p class=\"has-text-align-center has-small-font-size\">Frau Megerle<\/p>\n<\/div>\n\n\n\n<div class=\"wp-block-column is-layout-flow wp-block-column-is-layout-flow\">\n<figure class=\"wp-block-image aligncenter size-large is-resized has-custom-border\"><img loading=\"lazy\" decoding=\"async\" width=\"677\" height=\"1024\" src=\"https:\/\/gshemmingen-westerfeld.de\/wp-content\/uploads\/2025\/02\/Bild-Petrol-677x1024.jpeg\" alt=\"\" class=\"wp-image-1790\" style=\"border-radius:20px;aspect-ratio:0.638671875;width:186px;height:auto\" srcset=\"https:\/\/gshemmingen-westerfeld.de\/wp-content\/uploads\/2025\/02\/Bild-Petrol-677x1024.jpeg 677w, https:\/\/gshemmingen-westerfeld.de\/wp-content\/uploads\/2025\/02\/Bild-Petrol-198x300.jpeg 198w, https:\/\/gshemmingen-westerfeld.de\/wp-content\/uploads\/2025\/02\/Bild-Petrol-768x1162.jpeg 768w, https:\/\/gshemmingen-westerfeld.de\/wp-content\/uploads\/2025\/02\/Bild-Petrol-1015x1536.jpeg 1015w, https:\/\/gshemmingen-westerfeld.de\/wp-content\/uploads\/2025\/02\/Bild-Petrol-1353x2048.jpeg 1353w, https:\/\/gshemmingen-westerfeld.de\/wp-content\/uploads\/2025\/02\/Bild-Petrol-scaled.jpeg 1691w\" sizes=\"auto, (max-width: 677px) 100vw, 677px\" \/><\/figure>\n\n\n\n<p class=\"has-text-align-center has-small-font-size\">Frau Petrol <\/p>\n<\/div>\n\n\n\n<div class=\"wp-block-column is-layout-flow wp-block-column-is-layout-flow\">\n<figure class=\"wp-block-image aligncenter size-large is-resized has-custom-border is-style-rounded\"><img loading=\"lazy\" decoding=\"async\" width=\"683\" height=\"1024\" src=\"https:\/\/gshemmingen-westerfeld.de\/wp-content\/uploads\/2023\/11\/23090P1a_587-683x1024.jpeg\" alt=\"\" class=\"wp-image-1340\" style=\"border-radius:20px;aspect-ratio:0.6669921875;width:200px;height:auto\" srcset=\"https:\/\/gshemmingen-westerfeld.de\/wp-content\/uploads\/2023\/11\/23090P1a_587-683x1024.jpeg 683w, https:\/\/gshemmingen-westerfeld.de\/wp-content\/uploads\/2023\/11\/23090P1a_587-200x300.jpeg 200w, https:\/\/gshemmingen-westerfeld.de\/wp-content\/uploads\/2023\/11\/23090P1a_587-768x1151.jpeg 768w, https:\/\/gshemmingen-westerfeld.de\/wp-content\/uploads\/2023\/11\/23090P1a_587-1025x1536.jpeg 1025w, https:\/\/gshemmingen-westerfeld.de\/wp-content\/uploads\/2023\/11\/23090P1a_587-1367x2048.jpeg 1367w, https:\/\/gshemmingen-westerfeld.de\/wp-content\/uploads\/2023\/11\/23090P1a_587-scaled.jpeg 1708w\" sizes=\"auto, (max-width: 683px) 100vw, 683px\" \/><\/figure>\n\n\n\n<p class=\"has-text-align-center has-small-font-size\">Frau Raatz<\/p>\n<\/div>\n\n\n\n<div class=\"wp-block-column is-layout-flow wp-block-column-is-layout-flow\">\n<figure class=\"wp-block-image aligncenter size-large is-resized has-custom-border\"><img loading=\"lazy\" decoding=\"async\" width=\"495\" height=\"621\" src=\"https:\/\/grundschulehw.files.wordpress.com\/2023\/03\/person-1.png?w=495\" alt=\"\" class=\"wp-image-364\" style=\"border-radius:20px;aspect-ratio:0.7971014492753623;width:197px;height:auto\"\/><\/figure>\n\n\n\n<p class=\"has-text-align-center has-small-font-size\">Frau Ru\u00df<\/p>\n<\/div>\n<\/div>\n\n\n\n<div class=\"wp-block-columns alignwide is-layout-flex wp-container-core-columns-is-layout-4 wp-block-columns-is-layout-flex\">\n<div class=\"wp-block-column is-vertically-aligned-center is-layout-flow wp-block-column-is-layout-flow\">\n<figure class=\"wp-block-image aligncenter size-large is-resized has-custom-border\"><img loading=\"lazy\" decoding=\"async\" width=\"768\" height=\"1024\" src=\"https:\/\/gshemmingen-westerfeld.de\/wp-content\/uploads\/2023\/06\/gshw-17-768x1024.jpeg\" alt=\"\" class=\"wp-image-1026\" style=\"border-style:none;border-width:0px;border-radius:20px;aspect-ratio:0.75;width:182px;height:auto\" srcset=\"https:\/\/gshemmingen-westerfeld.de\/wp-content\/uploads\/2023\/06\/gshw-17-768x1024.jpeg 768w, https:\/\/gshemmingen-westerfeld.de\/wp-content\/uploads\/2023\/06\/gshw-17-225x300.jpeg 225w, https:\/\/gshemmingen-westerfeld.de\/wp-content\/uploads\/2023\/06\/gshw-17-1152x1536.jpeg 1152w, https:\/\/gshemmingen-westerfeld.de\/wp-content\/uploads\/2023\/06\/gshw-17.jpeg 1200w\" sizes=\"auto, (max-width: 768px) 100vw, 768px\" \/><\/figure>\n\n\n\n<p class=\"has-text-align-center has-small-font-size\">Frau Smollich<\/p>\n\n\n\n<h3 class=\"wp-block-heading has-text-align-center\">DAZ und spezielle Deutschf\u00f6rderung<\/h3>\n<\/div>\n\n\n\n<div class=\"wp-block-column is-layout-flow wp-block-column-is-layout-flow\">\n<h2 class=\"wp-block-heading\"><\/h2>\n<\/div>\n\n\n\n<div class=\"wp-block-column is-layout-flow wp-block-column-is-layout-flow\">\n<figure class=\"wp-block-image aligncenter size-large is-resized has-custom-border\"><img loading=\"lazy\" decoding=\"async\" width=\"495\" height=\"621\" src=\"https:\/\/grundschulehw.files.wordpress.com\/2023\/03\/person-1.png?w=495\" alt=\"\" class=\"wp-image-364\" style=\"border-radius:20px;aspect-ratio:0.7971014492753623;width:197px;height:auto\"\/><\/figure>\n\n\n\n<p class=\"has-text-align-center has-small-font-size\">Frau Yildirim<\/p>\n<\/div>\n<\/div>\n\n\n\n<p><\/p>\n\n\n\n<h2 class=\"wp-block-heading\">F\u00f6rderschullehrerin<\/h2>\n\n\n\n<h2 class=\"wp-block-heading\"><\/h2>\n\n\n\n<figure class=\"wp-block-image aligncenter size-large is-resized has-custom-border is-style-rounded\"><img loading=\"lazy\" decoding=\"async\" width=\"768\" height=\"1024\" src=\"https:\/\/gshemmingen-westerfeld.de\/wp-content\/uploads\/2023\/06\/gshw-14-768x1024.jpeg\" alt=\"\" class=\"wp-image-1024\" style=\"border-radius:20px;aspect-ratio:0.75;width:180px;height:auto\" srcset=\"https:\/\/gshemmingen-westerfeld.de\/wp-content\/uploads\/2023\/06\/gshw-14-768x1024.jpeg 768w, https:\/\/gshemmingen-westerfeld.de\/wp-content\/uploads\/2023\/06\/gshw-14-225x300.jpeg 225w, https:\/\/gshemmingen-westerfeld.de\/wp-content\/uploads\/2023\/06\/gshw-14-1152x1536.jpeg 1152w, https:\/\/gshemmingen-westerfeld.de\/wp-content\/uploads\/2023\/06\/gshw-14.jpeg 1536w\" sizes=\"auto, (max-width: 768px) 100vw, 768px\" \/><\/figure>\n\n\n\n<p class=\"has-text-align-center\">Frau Joergensen-Schoof<\/p>\n\n\n\n<p><\/p>\n\n\n\n<p><\/p>\n\n\n\n<h3 class=\"wp-block-heading has-text-align-center\">P\u00e4dagogische Mitarbeiterinnen<\/h3>\n\n\n\n<p><\/p>\n\n\n\n<figure class=\"wp-block-image aligncenter size-full is-resized has-custom-border is-style-rounded\"><img loading=\"lazy\" decoding=\"async\" width=\"495\" height=\"621\" src=\"https:\/\/gshemmingen-westerfeld.de\/wp-content\/uploads\/2023\/03\/person-1.png\" alt=\"\" class=\"wp-image-364\" style=\"border-radius:20px;aspect-ratio:0.7971014492753623;width:185px;height:auto\"\/><\/figure>\n\n\n\n<p class=\"has-text-align-center\">Frau Frisius<\/p>\n\n\n\n<figure class=\"wp-block-image aligncenter size-large is-resized has-custom-border is-style-rounded\"><img loading=\"lazy\" decoding=\"async\" width=\"734\" height=\"1024\" src=\"https:\/\/gshemmingen-westerfeld.de\/wp-content\/uploads\/2023\/12\/2013-07-242-1-734x1024.jpeg\" alt=\"\" class=\"wp-image-1422\" style=\"border-radius:20px;aspect-ratio:0.716796875;width:186px;height:auto\" srcset=\"https:\/\/gshemmingen-westerfeld.de\/wp-content\/uploads\/2023\/12\/2013-07-242-1-734x1024.jpeg 734w, https:\/\/gshemmingen-westerfeld.de\/wp-content\/uploads\/2023\/12\/2013-07-242-1-215x300.jpeg 215w, https:\/\/gshemmingen-westerfeld.de\/wp-content\/uploads\/2023\/12\/2013-07-242-1-768x1072.jpeg 768w, https:\/\/gshemmingen-westerfeld.de\/wp-content\/uploads\/2023\/12\/2013-07-242-1.jpeg 917w\" sizes=\"auto, (max-width: 734px) 100vw, 734px\" \/><\/figure>\n\n\n\n<p class=\"has-text-align-center\">Frau Ortmaier<\/p>\n\n\n\n<p><\/p>\n\n\n\n<figure class=\"wp-block-image aligncenter size-full is-resized has-custom-border is-style-rounded\"><img loading=\"lazy\" decoding=\"async\" width=\"495\" height=\"621\" src=\"https:\/\/gshemmingen-westerfeld.de\/wp-content\/uploads\/2023\/03\/person-1.png\" alt=\"\" class=\"wp-image-364\" style=\"border-radius:20px;aspect-ratio:0.7971014492753623;width:184px;height:auto\"\/><\/figure>\n\n\n\n<p class=\"has-text-align-center\">Frau Pietsch<\/p>\n\n\n\n<p><\/p>\n\n\n\n<p class=\"has-text-align-center\"><\/p>\n\n\n\n<p><\/p>\n\n\n\n<p><\/p>\n\n\n\n<div class=\"wp-block-columns alignwide is-layout-flex wp-container-core-columns-is-layout-7 wp-block-columns-is-layout-flex\">\n<div class=\"wp-block-column is-layout-flow wp-block-column-is-layout-flow\" style=\"flex-basis:100%\">\n<div class=\"wp-block-columns alignwide has-chivo-font-family is-layout-flex wp-container-core-columns-is-layout-5 wp-block-columns-is-layout-flex\">\n<div class=\"wp-block-column is-layout-flow wp-block-column-is-layout-flow\">\n<h1 class=\"wp-block-heading has-text-align-center has-chivo-font-family has-medium-font-size\"><strong>Grundschule Hemmingen-Westerfeld<\/strong><\/h1>\n\n\n\n<p class=\"has-text-align-center\">K\u00f6llnbrinkweg 48<\/p>\n\n\n\n<p class=\"has-text-align-center\">30966 Hemmingen<\/p>\n<\/div>\n\n\n\n<div class=\"wp-block-column is-layout-flow wp-block-column-is-layout-flow\">\n<p class=\"has-text-align-center\"><strong>Lassen Sie es uns wissen,<\/strong><\/p>\n\n\n\n<p class=\"has-text-align-center\"><strong>wenn Sie Fragen haben.<\/strong><\/p>\n\n\n\n<p class=\"has-text-align-center\"><a href=\"mailto:sekretariat@gshemmingen-westerfeld.de\" data-type=\"mailto\" data-id=\"mailto:sekretariat@gshemmingen-westerfeld.de\">\u2709 sekretariat@gshemmingen-westerfeld.de<\/a><\/p>\n<\/div>\n<\/div>\n\n\n\n<div style=\"height:40px\" aria-hidden=\"true\" class=\"wp-block-spacer\"><\/div>\n\n\n\n<p class=\"has-text-align-center has-chivo-font-family\">\u00a9 2023 Grundschule Hemmingen-Westerfeld<\/p>\n\n\n\n<div class=\"wp-block-columns has-chivo-font-family is-layout-flex wp-container-core-columns-is-layout-6 wp-block-columns-is-layout-flex\">\n<div class=\"wp-block-column is-layout-flow wp-block-column-is-layout-flow\">\n<p class=\"has-text-align-center has-link-color wp-elements-a3464565d3f97647b68b682ae352363d\"><a href=\"https:\/\/gshemmingen-westerfeld.de\/index.php\/impressum\/\" data-type=\"page\" data-id=\"129\">Impressum<\/a> &amp; <a href=\"https:\/\/gshemmingen-westerfeld.de\/index.php\/datenschutz\/\" data-type=\"page\" data-id=\"133\">Datenschutz<\/a><\/p>\n<\/div>\n<\/div>\n<\/div>\n<\/div>\n","protected":false},"excerpt":{"rendered":"<p>Kollegium Email Kontakt: nachname @gshemmingen-westerfeld.de Lehrerinnen Frau Bartels-Prinz Frau B\u00fcngeler Frau Damitz Frau Friedrich Frau Fr\u00f6hnel-Axthelm Frau F\u00f6rster-Gieseke Frau Jakobs Frau Jennings Frau Kolomizki Frau Lubert Frau Megerle Frau Petrol Frau Raatz Frau Ru\u00df Frau Smollich DAZ und spezielle Deutschf\u00f6rderung Frau Yildirim F\u00f6rderschullehrerin Frau Joergensen-Schoof P\u00e4dagogische Mitarbeiterinnen Frau Frisius Frau Ortmaier Frau Pietsch<\/p>\n","protected":false},"author":1,"featured_media":0,"parent":0,"menu_order":0,"comment_status":"closed","ping_status":"closed","template":"","meta":{"footnotes":""},"class_list":["post-120","page","type-page","status-publish","hentry"],"jetpack_sharing_enabled":true,"_links":{"self":[{"href":"https:\/\/gshemmingen-westerfeld.de\/index.php\/wp-json\/wp\/v2\/pages\/120","targetHints":{"allow":["GET"]}}],"collection":[{"href":"https:\/\/gshemmingen-westerfeld.de\/index.php\/wp-json\/wp\/v2\/pages"}],"about":[{"href":"https:\/\/gshemmingen-westerfeld.de\/index.php\/wp-json\/wp\/v2\/types\/page"}],"author":[{"embeddable":true,"href":"https:\/\/gshemmingen-westerfeld.de\/index.php\/wp-json\/wp\/v2\/users\/1"}],"replies":[{"embeddable":true,"href":"https:\/\/gshemmingen-westerfeld.de\/index.php\/wp-json\/wp\/v2\/comments?post=120"}],"version-history":[{"count":35,"href":"https:\/\/gshemmingen-westerfeld.de\/index.php\/wp-json\/wp\/v2\/pages\/120\/revisions"}],"predecessor-version":[{"id":2094,"href":"https:\/\/gshemmingen-westerfeld.de\/index.php\/wp-json\/wp\/v2\/pages\/120\/revisions\/2094"}],"wp:attachment":[{"href":"https:\/\/gshemmingen-westerfeld.de\/index.php\/wp-json\/wp\/v2\/media?parent=120"}],"curies":[{"name":"wp","href":"https:\/\/api.w.org\/{rel}","templated":true}]}}