{"id":1248,"date":"2023-11-22T20:41:45","date_gmt":"2023-11-22T20:41:45","guid":{"rendered":"https:\/\/gshemmingen-westerfeld.de\/?page_id=1248"},"modified":"2025-09-19T10:59:38","modified_gmt":"2025-09-19T10:59:38","slug":"unsere-klassen","status":"publish","type":"page","link":"https:\/\/gshemmingen-westerfeld.de\/index.php\/unsere-klassen\/","title":{"rendered":"Unsere Klassen"},"content":{"rendered":"\n<h1 class=\"wp-block-heading has-text-align-center\"><strong>Unsere Klassen<\/strong><\/h1>\n\n\n\n<p><\/p>\n\n\n\n<figure class=\"wp-block-image aligncenter size-large has-custom-border\"><img loading=\"lazy\" decoding=\"async\" width=\"1024\" height=\"682\" src=\"https:\/\/gshemmingen-westerfeld.de\/wp-content\/uploads\/2025\/09\/1a-1024x682.jpeg\" alt=\"\" class=\"wp-image-1958\" style=\"border-radius:20px\" srcset=\"https:\/\/gshemmingen-westerfeld.de\/wp-content\/uploads\/2025\/09\/1a-1024x682.jpeg 1024w, https:\/\/gshemmingen-westerfeld.de\/wp-content\/uploads\/2025\/09\/1a-300x200.jpeg 300w, https:\/\/gshemmingen-westerfeld.de\/wp-content\/uploads\/2025\/09\/1a-768x512.jpeg 768w, https:\/\/gshemmingen-westerfeld.de\/wp-content\/uploads\/2025\/09\/1a.jpeg 1280w\" sizes=\"auto, (max-width: 1024px) 100vw, 1024px\" \/><\/figure>\n\n\n\n<p class=\"has-text-align-center\">Klasse 1a &#8211; Frau Jennings<\/p>\n\n\n\n<p><\/p>\n\n\n\n<figure class=\"wp-block-image aligncenter size-large has-custom-border\"><img loading=\"lazy\" decoding=\"async\" width=\"1024\" height=\"682\" src=\"https:\/\/gshemmingen-westerfeld.de\/wp-content\/uploads\/2025\/09\/1b-1024x682.jpeg\" alt=\"\" class=\"wp-image-1959\" style=\"border-radius:20px\" srcset=\"https:\/\/gshemmingen-westerfeld.de\/wp-content\/uploads\/2025\/09\/1b-1024x682.jpeg 1024w, https:\/\/gshemmingen-westerfeld.de\/wp-content\/uploads\/2025\/09\/1b-300x200.jpeg 300w, https:\/\/gshemmingen-westerfeld.de\/wp-content\/uploads\/2025\/09\/1b-768x512.jpeg 768w, https:\/\/gshemmingen-westerfeld.de\/wp-content\/uploads\/2025\/09\/1b.jpeg 1280w\" sizes=\"auto, (max-width: 1024px) 100vw, 1024px\" \/><\/figure>\n\n\n\n<p class=\"has-text-align-center\">Klasse 1b &#8211; Frau Friedrich<\/p>\n\n\n\n<p><\/p>\n\n\n\n<figure class=\"wp-block-image size-large has-custom-border is-style-rounded\"><img loading=\"lazy\" decoding=\"async\" width=\"1024\" height=\"682\" src=\"https:\/\/gshemmingen-westerfeld.de\/wp-content\/uploads\/2025\/09\/1c-1024x682.jpeg\" alt=\"\" class=\"wp-image-1960\" style=\"border-radius:20px\" srcset=\"https:\/\/gshemmingen-westerfeld.de\/wp-content\/uploads\/2025\/09\/1c-1024x682.jpeg 1024w, https:\/\/gshemmingen-westerfeld.de\/wp-content\/uploads\/2025\/09\/1c-300x200.jpeg 300w, https:\/\/gshemmingen-westerfeld.de\/wp-content\/uploads\/2025\/09\/1c-768x512.jpeg 768w, https:\/\/gshemmingen-westerfeld.de\/wp-content\/uploads\/2025\/09\/1c.jpeg 1280w\" sizes=\"auto, (max-width: 1024px) 100vw, 1024px\" \/><\/figure>\n\n\n\n<p class=\"has-text-align-center\">Klasse 1c &#8211; Frau Ru\u00df<\/p>\n\n\n\n<p><\/p>\n\n\n\n<figure class=\"wp-block-image size-large has-custom-border\"><img loading=\"lazy\" decoding=\"async\" width=\"1024\" height=\"682\" src=\"https:\/\/gshemmingen-westerfeld.de\/wp-content\/uploads\/2025\/09\/1d-1024x682.jpeg\" alt=\"\" class=\"wp-image-1961\" style=\"border-radius:20px\" srcset=\"https:\/\/gshemmingen-westerfeld.de\/wp-content\/uploads\/2025\/09\/1d-1024x682.jpeg 1024w, https:\/\/gshemmingen-westerfeld.de\/wp-content\/uploads\/2025\/09\/1d-300x200.jpeg 300w, https:\/\/gshemmingen-westerfeld.de\/wp-content\/uploads\/2025\/09\/1d-768x512.jpeg 768w, https:\/\/gshemmingen-westerfeld.de\/wp-content\/uploads\/2025\/09\/1d.jpeg 1280w\" sizes=\"auto, (max-width: 1024px) 100vw, 1024px\" \/><\/figure>\n\n\n\n<p class=\"has-text-align-center\">Klasse 1d &#8211; Frau Schr\u00f6der<\/p>\n\n\n\n<p><\/p>\n\n\n\n<figure class=\"wp-block-image size-large has-custom-border\"><img loading=\"lazy\" decoding=\"async\" width=\"1024\" height=\"682\" src=\"https:\/\/gshemmingen-westerfeld.de\/wp-content\/uploads\/2025\/09\/2a-1024x682.jpeg\" alt=\"\" class=\"wp-image-1962\" style=\"border-radius:20px\" srcset=\"https:\/\/gshemmingen-westerfeld.de\/wp-content\/uploads\/2025\/09\/2a-1024x682.jpeg 1024w, https:\/\/gshemmingen-westerfeld.de\/wp-content\/uploads\/2025\/09\/2a-300x200.jpeg 300w, https:\/\/gshemmingen-westerfeld.de\/wp-content\/uploads\/2025\/09\/2a-768x512.jpeg 768w, https:\/\/gshemmingen-westerfeld.de\/wp-content\/uploads\/2025\/09\/2a.jpeg 1280w\" sizes=\"auto, (max-width: 1024px) 100vw, 1024px\" \/><\/figure>\n\n\n\n<p class=\"has-text-align-center\">Klasse 2a &#8211; Frau Megerle<\/p>\n\n\n\n<p><\/p>\n\n\n\n<figure class=\"wp-block-image size-large has-custom-border\"><img loading=\"lazy\" decoding=\"async\" width=\"1024\" height=\"682\" src=\"https:\/\/gshemmingen-westerfeld.de\/wp-content\/uploads\/2025\/09\/2b-1024x682.jpeg\" alt=\"\" class=\"wp-image-1963\" style=\"border-radius:20px\" srcset=\"https:\/\/gshemmingen-westerfeld.de\/wp-content\/uploads\/2025\/09\/2b-1024x682.jpeg 1024w, https:\/\/gshemmingen-westerfeld.de\/wp-content\/uploads\/2025\/09\/2b-300x200.jpeg 300w, https:\/\/gshemmingen-westerfeld.de\/wp-content\/uploads\/2025\/09\/2b-768x512.jpeg 768w, https:\/\/gshemmingen-westerfeld.de\/wp-content\/uploads\/2025\/09\/2b.jpeg 1280w\" sizes=\"auto, (max-width: 1024px) 100vw, 1024px\" \/><\/figure>\n\n\n\n<p class=\"has-text-align-center\">Klasse 2b &#8211; Frau F\u00f6rster-Gieseke<\/p>\n\n\n\n<p><\/p>\n\n\n\n<figure class=\"wp-block-image aligncenter size-large has-custom-border\"><img loading=\"lazy\" decoding=\"async\" width=\"1024\" height=\"682\" src=\"https:\/\/gshemmingen-westerfeld.de\/wp-content\/uploads\/2025\/09\/2c-1024x682.jpeg\" alt=\"\" class=\"wp-image-1964\" style=\"border-radius:20px\" srcset=\"https:\/\/gshemmingen-westerfeld.de\/wp-content\/uploads\/2025\/09\/2c-1024x682.jpeg 1024w, https:\/\/gshemmingen-westerfeld.de\/wp-content\/uploads\/2025\/09\/2c-300x200.jpeg 300w, https:\/\/gshemmingen-westerfeld.de\/wp-content\/uploads\/2025\/09\/2c-768x512.jpeg 768w, https:\/\/gshemmingen-westerfeld.de\/wp-content\/uploads\/2025\/09\/2c.jpeg 1280w\" sizes=\"auto, (max-width: 1024px) 100vw, 1024px\" \/><\/figure>\n\n\n\n<p class=\"has-text-align-center\">Klasse 2c &#8211; Frau Smollich<\/p>\n\n\n\n<p><\/p>\n\n\n\n<figure class=\"wp-block-image size-large has-custom-border\"><img loading=\"lazy\" decoding=\"async\" width=\"1024\" height=\"682\" src=\"https:\/\/gshemmingen-westerfeld.de\/wp-content\/uploads\/2025\/09\/3a-1024x682.jpeg\" alt=\"\" class=\"wp-image-1965\" style=\"border-radius:20px\" srcset=\"https:\/\/gshemmingen-westerfeld.de\/wp-content\/uploads\/2025\/09\/3a-1024x682.jpeg 1024w, https:\/\/gshemmingen-westerfeld.de\/wp-content\/uploads\/2025\/09\/3a-300x200.jpeg 300w, https:\/\/gshemmingen-westerfeld.de\/wp-content\/uploads\/2025\/09\/3a-768x512.jpeg 768w, https:\/\/gshemmingen-westerfeld.de\/wp-content\/uploads\/2025\/09\/3a.jpeg 1280w\" sizes=\"auto, (max-width: 1024px) 100vw, 1024px\" \/><\/figure>\n\n\n\n<p class=\"has-text-align-center\">Klasse 3a &#8211; Frau Raatz<\/p>\n\n\n\n<p><\/p>\n\n\n\n<figure class=\"wp-block-image size-large is-resized has-custom-border\"><img loading=\"lazy\" decoding=\"async\" width=\"1024\" height=\"683\" src=\"https:\/\/gshemmingen-westerfeld.de\/wp-content\/uploads\/2025\/09\/3b-1024x683.jpeg\" alt=\"\" class=\"wp-image-1966\" style=\"border-radius:20px;aspect-ratio:1.3333333333333333;width:618px;height:auto\" srcset=\"https:\/\/gshemmingen-westerfeld.de\/wp-content\/uploads\/2025\/09\/3b-1024x683.jpeg 1024w, https:\/\/gshemmingen-westerfeld.de\/wp-content\/uploads\/2025\/09\/3b-300x200.jpeg 300w, https:\/\/gshemmingen-westerfeld.de\/wp-content\/uploads\/2025\/09\/3b-768x512.jpeg 768w, https:\/\/gshemmingen-westerfeld.de\/wp-content\/uploads\/2025\/09\/3b.jpeg 1280w\" sizes=\"auto, (max-width: 1024px) 100vw, 1024px\" \/><\/figure>\n\n\n\n<p class=\"has-text-align-center\">Klasse 3b &#8211; Frau Kubrin<\/p>\n\n\n\n<p><\/p>\n\n\n\n<figure class=\"wp-block-image size-large has-custom-border\"><img loading=\"lazy\" decoding=\"async\" width=\"1024\" height=\"682\" src=\"https:\/\/gshemmingen-westerfeld.de\/wp-content\/uploads\/2025\/09\/3d-1024x682.jpeg\" alt=\"\" class=\"wp-image-1967\" style=\"border-radius:20px\" srcset=\"https:\/\/gshemmingen-westerfeld.de\/wp-content\/uploads\/2025\/09\/3d-1024x682.jpeg 1024w, https:\/\/gshemmingen-westerfeld.de\/wp-content\/uploads\/2025\/09\/3d-300x200.jpeg 300w, https:\/\/gshemmingen-westerfeld.de\/wp-content\/uploads\/2025\/09\/3d-768x512.jpeg 768w, https:\/\/gshemmingen-westerfeld.de\/wp-content\/uploads\/2025\/09\/3d.jpeg 1280w\" sizes=\"auto, (max-width: 1024px) 100vw, 1024px\" \/><\/figure>\n\n\n\n<p class=\"has-text-align-center\">Klasse 3d &#8211; Frau B\u00fcngeler<\/p>\n\n\n\n<p class=\"has-text-align-center\"><\/p>\n\n\n\n<figure class=\"wp-block-image size-large has-custom-border\"><img loading=\"lazy\" decoding=\"async\" width=\"1024\" height=\"682\" src=\"https:\/\/gshemmingen-westerfeld.de\/wp-content\/uploads\/2025\/09\/4a-1024x682.jpeg\" alt=\"\" class=\"wp-image-1968\" style=\"border-radius:25px\" srcset=\"https:\/\/gshemmingen-westerfeld.de\/wp-content\/uploads\/2025\/09\/4a-1024x682.jpeg 1024w, https:\/\/gshemmingen-westerfeld.de\/wp-content\/uploads\/2025\/09\/4a-300x200.jpeg 300w, https:\/\/gshemmingen-westerfeld.de\/wp-content\/uploads\/2025\/09\/4a-768x512.jpeg 768w, https:\/\/gshemmingen-westerfeld.de\/wp-content\/uploads\/2025\/09\/4a.jpeg 1280w\" sizes=\"auto, (max-width: 1024px) 100vw, 1024px\" \/><\/figure>\n\n\n\n<p class=\"has-text-align-center\">Klasse 4a &#8211; Frau Jakobs<\/p>\n\n\n\n<p><\/p>\n\n\n\n<figure class=\"wp-block-image size-large has-custom-border\"><img loading=\"lazy\" decoding=\"async\" width=\"1024\" height=\"682\" src=\"https:\/\/gshemmingen-westerfeld.de\/wp-content\/uploads\/2025\/09\/4b-1024x682.jpeg\" alt=\"\" class=\"wp-image-1969\" style=\"border-radius:25px\" srcset=\"https:\/\/gshemmingen-westerfeld.de\/wp-content\/uploads\/2025\/09\/4b-1024x682.jpeg 1024w, https:\/\/gshemmingen-westerfeld.de\/wp-content\/uploads\/2025\/09\/4b-300x200.jpeg 300w, https:\/\/gshemmingen-westerfeld.de\/wp-content\/uploads\/2025\/09\/4b-768x511.jpeg 768w, https:\/\/gshemmingen-westerfeld.de\/wp-content\/uploads\/2025\/09\/4b.jpeg 1280w\" sizes=\"auto, (max-width: 1024px) 100vw, 1024px\" \/><\/figure>\n\n\n\n<p class=\"has-text-align-center\">Klasse 4b &#8211; Frau Petrol<\/p>\n\n\n\n<p><\/p>\n\n\n\n<figure class=\"wp-block-image size-large has-custom-border is-style-default\"><img loading=\"lazy\" decoding=\"async\" width=\"1024\" height=\"682\" src=\"https:\/\/gshemmingen-westerfeld.de\/wp-content\/uploads\/2025\/09\/4c-1024x682.jpeg\" alt=\"\" class=\"wp-image-1970\" style=\"border-radius:25px\" srcset=\"https:\/\/gshemmingen-westerfeld.de\/wp-content\/uploads\/2025\/09\/4c-1024x682.jpeg 1024w, https:\/\/gshemmingen-westerfeld.de\/wp-content\/uploads\/2025\/09\/4c-300x200.jpeg 300w, https:\/\/gshemmingen-westerfeld.de\/wp-content\/uploads\/2025\/09\/4c-768x512.jpeg 768w, https:\/\/gshemmingen-westerfeld.de\/wp-content\/uploads\/2025\/09\/4c.jpeg 1280w\" sizes=\"auto, (max-width: 1024px) 100vw, 1024px\" \/><\/figure>\n\n\n\n<p class=\"has-text-align-center\">Klasse 4c &#8211; Frau Damitz und Frau Lubert<\/p>\n","protected":false},"excerpt":{"rendered":"<p>Unsere Klassen Klasse 1a &#8211; Frau Jennings Klasse 1b &#8211; Frau Friedrich Klasse 1c &#8211; Frau Ru\u00df Klasse 1d &#8211; Frau Schr\u00f6der Klasse 2a &#8211; Frau Megerle Klasse 2b &#8211; Frau F\u00f6rster-Gieseke Klasse 2c &#8211; Frau Smollich Klasse 3a &#8211; Frau Raatz Klasse 3b &#8211; Frau Kubrin Klasse 3d &#8211; Frau B\u00fcngeler Klasse 4a &#8211; [&hellip;]<\/p>\n","protected":false},"author":2,"featured_media":0,"parent":0,"menu_order":0,"comment_status":"closed","ping_status":"closed","template":"","meta":{"footnotes":""},"class_list":["post-1248","page","type-page","status-publish","hentry"],"jetpack_sharing_enabled":true,"_links":{"self":[{"href":"https:\/\/gshemmingen-westerfeld.de\/index.php\/wp-json\/wp\/v2\/pages\/1248","targetHints":{"allow":["GET"]}}],"collection":[{"href":"https:\/\/gshemmingen-westerfeld.de\/index.php\/wp-json\/wp\/v2\/pages"}],"about":[{"href":"https:\/\/gshemmingen-westerfeld.de\/index.php\/wp-json\/wp\/v2\/types\/page"}],"author":[{"embeddable":true,"href":"https:\/\/gshemmingen-westerfeld.de\/index.php\/wp-json\/wp\/v2\/users\/2"}],"replies":[{"embeddable":true,"href":"https:\/\/gshemmingen-westerfeld.de\/index.php\/wp-json\/wp\/v2\/comments?post=1248"}],"version-history":[{"count":8,"href":"https:\/\/gshemmingen-westerfeld.de\/index.php\/wp-json\/wp\/v2\/pages\/1248\/revisions"}],"predecessor-version":[{"id":1974,"href":"https:\/\/gshemmingen-westerfeld.de\/index.php\/wp-json\/wp\/v2\/pages\/1248\/revisions\/1974"}],"wp:attachment":[{"href":"https:\/\/gshemmingen-westerfeld.de\/index.php\/wp-json\/wp\/v2\/media?parent=1248"}],"curies":[{"name":"wp","href":"https:\/\/api.w.org\/{rel}","templated":true}]}}