{"id":126,"date":"2023-03-24T17:45:49","date_gmt":"2023-03-24T16:45:49","guid":{"rendered":"https:\/\/grundschulehw.wordpress.com\/?page_id=126"},"modified":"2023-06-22T13:40:26","modified_gmt":"2023-06-22T13:40:26","slug":"eltern","status":"publish","type":"page","link":"https:\/\/gshemmingen-westerfeld.de\/index.php\/eltern\/","title":{"rendered":"Eltern"},"content":{"rendered":"\n<h1 class=\"wp-block-heading has-text-align-center\">Eltern<\/h1>\n\n\n\n<div style=\"height:46px\" aria-hidden=\"true\" class=\"wp-block-spacer\"><\/div>\n\n\n\n<div class=\"wp-block-columns alignwide are-vertically-aligned-center is-layout-flex wp-container-core-columns-is-layout-1 wp-block-columns-is-layout-flex\">\n<div class=\"wp-block-column is-vertically-aligned-center is-layout-flow wp-block-column-is-layout-flow\">\n<p class=\"has-text-align-center has-medium-font-size\"><a href=\"https:\/\/gshemmingen-westerfeld.de\/index.php\/elternbriefe\/\" data-type=\"page\" data-id=\"219\">Elternbriefe<\/a><\/p>\n<\/div>\n\n\n\n<div class=\"wp-block-column is-vertically-aligned-center is-layout-flow wp-block-column-is-layout-flow\">\n<p class=\"has-text-align-center has-medium-font-size\"><a href=\"https:\/\/gshemmingen-westerfeld.de\/index.php\/schulferien-und-termine\/\" data-type=\"page\" data-id=\"318\">Stundenplan und Ferien<\/a><\/p>\n<\/div>\n\n\n\n<div class=\"wp-block-column is-vertically-aligned-center is-layout-flow wp-block-column-is-layout-flow\">\n<p class=\"has-text-align-center has-medium-font-size\"><a href=\"https:\/\/gshemmingen-westerfeld.de\/index.php\/anmeldung\/\" data-type=\"page\" data-id=\"225\">Anmeldung<\/a><\/p>\n<\/div>\n<\/div>\n\n\n\n<div style=\"height:41px\" aria-hidden=\"true\" class=\"wp-block-spacer\"><\/div>\n\n\n\n<hr class=\"wp-block-separator has-alpha-channel-opacity is-style-wide\"\/>\n\n\n\n<p class=\"has-text-align-center\">Klassenfahrtskonto: <br>DE 39 250 50 180 0015 0127 68<\/p>\n\n\n\n<hr class=\"wp-block-separator has-alpha-channel-opacity is-style-wide\"\/>\n\n\n\n<div style=\"height:46px\" aria-hidden=\"true\" class=\"wp-block-spacer\"><\/div>\n\n\n\n<div class=\"wp-block-cover is-light\" style=\"border-radius:100px;min-height:110px;aspect-ratio:unset;\"><span aria-hidden=\"true\" class=\"wp-block-cover__background has-luminous-vivid-orange-background-color has-background-dim-70 has-background-dim\"><\/span><div class=\"wp-block-cover__inner-container is-layout-flow wp-block-cover-is-layout-flow\">\n<p class=\"has-text-align-center has-large-font-size\">Was tun bei&#8230;?<\/p>\n<\/div><\/div>\n\n\n\n<div style=\"height:22px\" aria-hidden=\"true\" class=\"wp-block-spacer\"><\/div>\n\n\n\n<div class=\"wp-block-columns alignwide is-layout-flex wp-container-core-columns-is-layout-2 wp-block-columns-is-layout-flex\">\n<div class=\"wp-block-column is-layout-flow wp-block-column-is-layout-flow\">\n<h4 class=\"wp-block-heading has-text-align-center\">Krankmeldungen<\/h4>\n\n\n\n<p>Wenn Ihr Kind aus gesundheitlichen Gr\u00fcnden nicht in die Schule gehen kann, benachrichtigen Sie bitte umgehend die Schule.<br>Bitte tragen Sie im Anschluss die Entschuldigung in das Sch\u00fclerbuch ein.<br>Erkrankt Ihr Kind w\u00e4hrend der Schulzeit, so versuchen wir Sie telefonisch zu benachrichtigen, in ernsten F\u00e4llen, etwa bei Unf\u00e4llen, nehmen wir direkt Kontakt mit<br>dem Krankenhaus oder einem Arzt auf.<\/p>\n<\/div>\n\n\n\n<div class=\"wp-block-column is-layout-flow wp-block-column-is-layout-flow\">\n<h4 class=\"wp-block-heading has-text-align-center\">Arzttermin w\u00e4hrend der Unterrichtszeit<\/h4>\n\n\n\n<p>Sofern Arzttermine w\u00e4hrend der Unterrichtszeit wahrgenommen werden m\u00fcssen, teilen Sie diese zeitnah (m\u00f6glichst 3 Tage vor dem vereinbarten Termin) dem Sekretariat mit. Bitte orientieren Sie sich dabei an den <a href=\"htpps:\/\/gshemmingen-westerfeld.de\/schulferien-und-termine\/\">Schulzeiten und Pausen<\/a>, sodass Unterbrechungen w\u00e4hrend der Unterrichtszeit vermieden werden k\u00f6nnen.<\/p>\n<\/div>\n<\/div>\n\n\n\n<h4 class=\"wp-block-heading has-text-align-center\">Beurlaubungen<\/h4>\n\n\n\n<div class=\"wp-block-columns alignwide is-layout-flex wp-container-core-columns-is-layout-3 wp-block-columns-is-layout-flex\">\n<div class=\"wp-block-column is-layout-flow wp-block-column-is-layout-flow\">\n<p>Vor dem Hintergrund der gesetzlichen geregelten Schulpflicht kann die Schule nur beim Vorliegen zwingender Gr\u00fcnde vom Unterricht befreien. <\/p>\n\n\n\n<p>Alle Beurlaubungen m\u00fcssen rechtzeitig, d.h. sobald der Termin bekannt ist, von den Erziehungsberechtigten<br>mit Angabe des Anlasses schriftlich beantragt werden.<\/p>\n<\/div>\n\n\n\n<div class=\"wp-block-column is-layout-flow wp-block-column-is-layout-flow\">\n<p><strong>Beurlaubungen werden ausgesprochen:<\/strong><br>\u2022 f\u00fcr Stunden und bis zu zwei Tagen vom Klassenlehrer (ebenfalls Info Sekretariat)<br>\u2022 f\u00fcr l\u00e4ngere Zeit und an Ferien bzw. Wochenenden grenzend von der Schulleitung. Diese Beurlaubung kann nur einmalig w\u00e4hrend der gesamten Grundschulzeit genehmigt werden. Ein entsprechender Antrag muss sp\u00e4testens drei Wochen vor dem geplanten Termin schriftlich mit Begr\u00fcndung vorliegen.<br>&#8211; max. 2 x pro Schulhalbjahr f\u00fcr die Teilnahme am Ganztagsangebot<\/p>\n<\/div>\n<\/div>\n\n\n\n<div class=\"wp-block-columns alignwide is-layout-flex wp-container-core-columns-is-layout-4 wp-block-columns-is-layout-flex\">\n<div class=\"wp-block-column is-layout-flow wp-block-column-is-layout-flow\">\n<h4 class=\"wp-block-heading has-text-align-center\">Unfallversicherung und Versicherungsschutz<\/h4>\n\n\n\n<p>Alle Sch\u00fcler und Sch\u00fclerinnen \u00f6ffentlicher Schulen sind gesetzlich gegen Personen- und Sachbesch\u00e4digung unfallversichert. Bei einem Arztbesuch nach Schulunf\u00e4llen (w\u00e4hrend der Schulzeit und\/oder auf dem direkten Schulweg) muss im Schulsekretariat eine Unfallmeldung ausgef\u00fcllt werden.<\/p>\n<\/div>\n\n\n\n<div class=\"wp-block-column is-layout-flow wp-block-column-is-layout-flow\">\n<h4 class=\"wp-block-heading has-text-align-center\">L\u00e4use<\/h4>\n\n\n\n<p>L\u00e4use kann jeder bekommen \u2013 unabh\u00e4ngig von der pers\u00f6nlichen Sauberkeit! Wir bitten Sie, die Haare Ihres Kindes gr\u00fcndlich auf das Vorhandensein von Kopfl\u00e4usen zu untersuchen. Wenn Sie lebende L\u00e4use oder Nissen finden, sollten Sie unverz\u00fcglich<br>einen Arzt aufsuchen, der eine Behandlung mit einem wirksamen Mittel gegen Kopfl\u00e4use und deren Nissen durchf\u00fchrt.<br><strong>Bei L\u00e4usebefall sind Sie zur Mitteilung an die Schule verpflichtet.<\/strong><\/p>\n<\/div>\n<\/div>\n\n\n\n<div style=\"height:100px\" aria-hidden=\"true\" class=\"wp-block-spacer\"><\/div>\n\n\n\n<p class=\"has-text-align-center\"><strong>Hausaufgaben und andere Unterrichtsinhalte w\u00e4hrend der Fehltage m\u00fcssen selbstst\u00e4ndig nachgeholt werden. Die Zeit liegt im eigenen Ermessen und kann mit dem Lehrer bzw. Fachlehrer abgesprochen werden.<\/strong><\/p>\n\n\n\n<div style=\"height:100px\" aria-hidden=\"true\" class=\"wp-block-spacer\"><\/div>\n\n\n\n<div class=\"wp-block-columns alignwide is-layout-flex wp-container-core-columns-is-layout-7 wp-block-columns-is-layout-flex\">\n<div class=\"wp-block-column is-layout-flow wp-block-column-is-layout-flow\" style=\"flex-basis:100%\">\n<div class=\"wp-block-columns alignwide has-chivo-font-family is-layout-flex wp-container-core-columns-is-layout-5 wp-block-columns-is-layout-flex\">\n<div class=\"wp-block-column is-layout-flow wp-block-column-is-layout-flow\">\n<h1 class=\"wp-block-heading has-text-align-center has-chivo-font-family has-medium-font-size\"><strong>Grundschule Hemmingen-Westerfeld<\/strong><\/h1>\n\n\n\n<p class=\"has-text-align-center\">K\u00f6llnbrinkweg 48<\/p>\n\n\n\n<p class=\"has-text-align-center\">30966 Hemmingen<\/p>\n<\/div>\n\n\n\n<div class=\"wp-block-column is-layout-flow wp-block-column-is-layout-flow\">\n<p class=\"has-text-align-center\"><strong>Lassen Sie es uns wissen,<\/strong><\/p>\n\n\n\n<p class=\"has-text-align-center\"><strong>wenn Sie Fragen haben.<\/strong><\/p>\n\n\n\n<p class=\"has-text-align-center\"><a href=\"mailto:sekretariat@gshemmingen-westerfeld.de\" data-type=\"mailto\" data-id=\"mailto:sekretariat@gshemmingen-westerfeld.de\">\u2709 sekretariat@gshemmingen-westerfeld.de<\/a><\/p>\n<\/div>\n<\/div>\n\n\n\n<div style=\"height:40px\" aria-hidden=\"true\" class=\"wp-block-spacer\"><\/div>\n\n\n\n<p class=\"has-text-align-center has-chivo-font-family\">\u00a9 2023 Grundschule Hemmingen-Westerfeld<\/p>\n\n\n\n<div class=\"wp-block-columns has-chivo-font-family is-layout-flex wp-container-core-columns-is-layout-6 wp-block-columns-is-layout-flex\">\n<div class=\"wp-block-column is-layout-flow wp-block-column-is-layout-flow\">\n<p class=\"has-text-align-center has-link-color wp-elements-a3464565d3f97647b68b682ae352363d\"><a href=\"https:\/\/gshemmingen-westerfeld.de\/index.php\/impressum\/\" data-type=\"page\" data-id=\"129\">Impressum<\/a> &amp; <a href=\"https:\/\/gshemmingen-westerfeld.de\/index.php\/datenschutz\/\" data-type=\"page\" data-id=\"133\">Datenschutz<\/a><\/p>\n<\/div>\n<\/div>\n<\/div>\n<\/div>\n","protected":false},"excerpt":{"rendered":"<p>Eltern Elternbriefe Stundenplan und Ferien Anmeldung Klassenfahrtskonto: DE 39 250 50 180 0015 0127 68 Krankmeldungen Wenn Ihr Kind aus gesundheitlichen Gr\u00fcnden nicht in die Schule gehen kann, benachrichtigen Sie bitte umgehend die Schule.Bitte tragen Sie im Anschluss die Entschuldigung in das Sch\u00fclerbuch ein.Erkrankt Ihr Kind w\u00e4hrend der Schulzeit, so versuchen wir Sie telefonisch zu [&hellip;]<\/p>\n","protected":false},"author":1,"featured_media":0,"parent":0,"menu_order":0,"comment_status":"closed","ping_status":"closed","template":"","meta":{"footnotes":""},"class_list":["post-126","page","type-page","status-publish","hentry"],"jetpack_sharing_enabled":true,"_links":{"self":[{"href":"https:\/\/gshemmingen-westerfeld.de\/index.php\/wp-json\/wp\/v2\/pages\/126","targetHints":{"allow":["GET"]}}],"collection":[{"href":"https:\/\/gshemmingen-westerfeld.de\/index.php\/wp-json\/wp\/v2\/pages"}],"about":[{"href":"https:\/\/gshemmingen-westerfeld.de\/index.php\/wp-json\/wp\/v2\/types\/page"}],"author":[{"embeddable":true,"href":"https:\/\/gshemmingen-westerfeld.de\/index.php\/wp-json\/wp\/v2\/users\/1"}],"replies":[{"embeddable":true,"href":"https:\/\/gshemmingen-westerfeld.de\/index.php\/wp-json\/wp\/v2\/comments?post=126"}],"version-history":[{"count":5,"href":"https:\/\/gshemmingen-westerfeld.de\/index.php\/wp-json\/wp\/v2\/pages\/126\/revisions"}],"predecessor-version":[{"id":1169,"href":"https:\/\/gshemmingen-westerfeld.de\/index.php\/wp-json\/wp\/v2\/pages\/126\/revisions\/1169"}],"wp:attachment":[{"href":"https:\/\/gshemmingen-westerfeld.de\/index.php\/wp-json\/wp\/v2\/media?parent=126"}],"curies":[{"name":"wp","href":"https:\/\/api.w.org\/{rel}","templated":true}]}}