{"id":1305,"date":"2023-11-23T11:44:16","date_gmt":"2023-11-23T11:44:16","guid":{"rendered":"https:\/\/gshemmingen-westerfeld.de\/?page_id=1305"},"modified":"2023-11-23T11:44:16","modified_gmt":"2023-11-23T11:44:16","slug":"schulobstprogramm","status":"publish","type":"page","link":"https:\/\/gshemmingen-westerfeld.de\/index.php\/schulobstprogramm\/","title":{"rendered":"Schulobstprogramm"},"content":{"rendered":"\n<h1 class=\"wp-block-heading\"><strong>Schulobstprogramm<\/strong><\/h1>\n\n\n\n<p>Die Grundschule Hemmingen-Westerfeld nimmt seit dem Schuljahr 2022\/ 2023 am EU-Schulprogramm Niedersachsen teil. Unsere Klassen werden w\u00f6chentlich mit frischem Obst und Gem\u00fcse versorgt.&nbsp;<\/p>\n\n\n\n<p>Auf diese Weise lernen die Sch\u00fclerinnen und Sch\u00fcler unterschiedlichste Obst- und Gem\u00fcsesorten kennen und k\u00f6nnen sie probieren. Das Thema \u201egesunde Ern\u00e4hrung\u201c erh\u00e4lt so einen sehr reizvollen und motivierenden Einzug in das allt\u00e4gliche Schulleben. Das Schulobst ist bei allen Kindern sehr beliebt.<\/p>\n\n\n\n<p>F\u00fcr weitere Informationen lesen Sie gerne hier:<\/p>\n\n\n\n<p><\/p>\n\n\n\n<figure class=\"wp-block-image aligncenter size-large is-resized\"><a href=\"https:\/\/www.schulprogramm.niedersachsen.de\/\" target=\"_blank\" rel=\"noreferrer noopener\"><img loading=\"lazy\" decoding=\"async\" width=\"1024\" height=\"451\" src=\"https:\/\/gshemmingen-westerfeld.de\/wp-content\/uploads\/2023\/11\/IMG_0026-1024x451.jpeg\" alt=\"\" class=\"wp-image-1307\" style=\"aspect-ratio:2.270509977827051;width:202px;height:auto\" srcset=\"https:\/\/gshemmingen-westerfeld.de\/wp-content\/uploads\/2023\/11\/IMG_0026-1024x451.jpeg 1024w, https:\/\/gshemmingen-westerfeld.de\/wp-content\/uploads\/2023\/11\/IMG_0026-300x132.jpeg 300w, https:\/\/gshemmingen-westerfeld.de\/wp-content\/uploads\/2023\/11\/IMG_0026-768x338.jpeg 768w, https:\/\/gshemmingen-westerfeld.de\/wp-content\/uploads\/2023\/11\/IMG_0026.jpeg 1070w\" sizes=\"auto, (max-width: 1024px) 100vw, 1024px\" \/><\/a><\/figure>\n\n\n\n<figure class=\"wp-block-embed is-type-wp-embed is-provider-eu-schulprogramm-niedersachsen wp-block-embed-eu-schulprogramm-niedersachsen\"><div class=\"wp-block-embed__wrapper\">\n<blockquote class=\"wp-embedded-content\" data-secret=\"MgqBEPZxG0\"><a href=\"https:\/\/www.schulprogramm.niedersachsen.de\/\">Startseite<\/a><\/blockquote><iframe loading=\"lazy\" class=\"wp-embedded-content\" sandbox=\"allow-scripts\" security=\"restricted\" style=\"position: absolute; visibility: hidden;\" title=\"&#8222;Startseite&#8220; &#8212; EU-Schulprogramm Niedersachsen\" src=\"https:\/\/www.schulprogramm.niedersachsen.de\/embed\/#?secret=e19zO0O6ZC#?secret=MgqBEPZxG0\" data-secret=\"MgqBEPZxG0\" width=\"500\" height=\"282\" frameborder=\"0\" marginwidth=\"0\" marginheight=\"0\" scrolling=\"no\"><\/iframe>\n<\/div><\/figure>\n\n\n\n<figure class=\"wp-block-embed is-type-wp-embed is-provider-eu-schulprogramm-niedersachsen wp-block-embed-eu-schulprogramm-niedersachsen\"><div class=\"wp-block-embed__wrapper\">\n<blockquote class=\"wp-embedded-content\" data-secret=\"MgqBEPZxG0\"><a href=\"https:\/\/www.schulprogramm.niedersachsen.de\/\">Startseite<\/a><\/blockquote><iframe loading=\"lazy\" class=\"wp-embedded-content\" sandbox=\"allow-scripts\" security=\"restricted\" style=\"position: absolute; visibility: hidden;\" title=\"&#8222;Startseite&#8220; &#8212; EU-Schulprogramm Niedersachsen\" src=\"https:\/\/www.schulprogramm.niedersachsen.de\/embed\/#?secret=e19zO0O6ZC#?secret=MgqBEPZxG0\" data-secret=\"MgqBEPZxG0\" width=\"500\" height=\"282\" frameborder=\"0\" marginwidth=\"0\" marginheight=\"0\" scrolling=\"no\"><\/iframe>\n<\/div><\/figure>\n","protected":false},"excerpt":{"rendered":"<p>Schulobstprogramm Die Grundschule Hemmingen-Westerfeld nimmt seit dem Schuljahr 2022\/ 2023 am EU-Schulprogramm Niedersachsen teil. Unsere Klassen werden w\u00f6chentlich mit frischem Obst und Gem\u00fcse versorgt.&nbsp; Auf diese Weise lernen die Sch\u00fclerinnen und Sch\u00fcler unterschiedlichste Obst- und Gem\u00fcsesorten kennen und k\u00f6nnen sie probieren. Das Thema \u201egesunde Ern\u00e4hrung\u201c erh\u00e4lt so einen sehr reizvollen und motivierenden Einzug in das [&hellip;]<\/p>\n","protected":false},"author":2,"featured_media":0,"parent":0,"menu_order":0,"comment_status":"closed","ping_status":"closed","template":"","meta":{"footnotes":""},"class_list":["post-1305","page","type-page","status-publish","hentry"],"jetpack_sharing_enabled":true,"_links":{"self":[{"href":"https:\/\/gshemmingen-westerfeld.de\/index.php\/wp-json\/wp\/v2\/pages\/1305","targetHints":{"allow":["GET"]}}],"collection":[{"href":"https:\/\/gshemmingen-westerfeld.de\/index.php\/wp-json\/wp\/v2\/pages"}],"about":[{"href":"https:\/\/gshemmingen-westerfeld.de\/index.php\/wp-json\/wp\/v2\/types\/page"}],"author":[{"embeddable":true,"href":"https:\/\/gshemmingen-westerfeld.de\/index.php\/wp-json\/wp\/v2\/users\/2"}],"replies":[{"embeddable":true,"href":"https:\/\/gshemmingen-westerfeld.de\/index.php\/wp-json\/wp\/v2\/comments?post=1305"}],"version-history":[{"count":3,"href":"https:\/\/gshemmingen-westerfeld.de\/index.php\/wp-json\/wp\/v2\/pages\/1305\/revisions"}],"predecessor-version":[{"id":1309,"href":"https:\/\/gshemmingen-westerfeld.de\/index.php\/wp-json\/wp\/v2\/pages\/1305\/revisions\/1309"}],"wp:attachment":[{"href":"https:\/\/gshemmingen-westerfeld.de\/index.php\/wp-json\/wp\/v2\/media?parent=1305"}],"curies":[{"name":"wp","href":"https:\/\/api.w.org\/{rel}","templated":true}]}}