{"id":133,"date":"2023-03-24T17:53:11","date_gmt":"2023-03-24T16:53:11","guid":{"rendered":"https:\/\/grundschulehw.wordpress.com\/?page_id=133"},"modified":"2023-06-21T08:49:33","modified_gmt":"2023-06-21T08:49:33","slug":"datenschutz","status":"publish","type":"page","link":"https:\/\/gshemmingen-westerfeld.de\/index.php\/datenschutz\/","title":{"rendered":"Datenschutz"},"content":{"rendered":"\n<p>Die Betreiber dieser Seiten nehmen den Schutz Ihrer pers\u00f6nlichen Daten sehr ernst. Wir behandeln Ihre personenbezogenen Daten vertraulich und entsprechend der gesetzlichen Datenschutzvorschriften, sowie dieser Datenschutzerkl\u00e4rung.<\/p>\n\n\n\n<p>Die Nutzung unserer Webseite ist in der Regel ohne Angabe personenbezogener Daten m\u00f6glich. Soweit auf unseren Seiten personenbezogene Daten (beispielsweise Name, Anschrift oder E-Mail-Adressen) erhoben werden, erfolgt dies, soweit m\u00f6glich, stets auf freiwilliger Basis. Diese Daten werden ohne Ihre ausdr\u00fcckliche Zustimmung nicht an Dritte weitergegeben.<\/p>\n\n\n\n<p>Wir weisen darauf hin, dass die Daten\u00fcbertragung im Internet (z.B. bei der Kommunikation per E-Mail) Sicherheitsl\u00fccken aufweisen kann. Ein l\u00fcckenloser Schutz der Daten vor dem Zugriff durch Dritte ist nicht m\u00f6glich.<\/p>\n\n\n\n<p><strong>Cookies.<\/strong> Unsere Website verwendet Cookies. Dies sind kleine Textdateien, die automatisch von Ihrem Browser auf Ihrem Rechner gespeichert werden. Diese dienen folgenden Zwecken: z.B. Optimierung der Benutzerfreundlichkeit, \u2026 [Dies muss individuell angepasst werden]. Einige Funktionen unserer Internetseite k\u00f6nnen ohne den Einsatz von Cookies nicht angeboten werden. F\u00fcr diese ist es erforderlich, dass der Browser auch in einer neuen Sitzung wiedererkannt wird.<\/p>\n\n\n\n<p>Die durch diese Cookies verarbeiteten Daten sind f\u00fcr die genannten Zwecke zur Wahrung unserer berechtigten Interessen nach Art. 6 Abs. 1 S. 1 lit. f DSGVO erforderlich. Diese bestehen in einer technischen Optimierung der Bereitstellung unserer Internetseite.<\/p>\n\n\n\n<p>Es besteht die M\u00f6glichkeit, den Browser so einzustellen, dass keine Cookies gespeichert werden. In diesem Fall besteht allerdings die M\u00f6glichkeit, dass Sie nicht den vollen Funktionsumfang unserer Internetseiten nutzen k\u00f6nnen.<\/p>\n\n\n\n<p><strong>Kontakt.<\/strong> Sofern Sie per E-Mail den Kontakt mit uns aufnehmen, werden die von Ihnen \u00fcbermittelten personenbezogenen Daten automatisch gespeichert. Diese Daten werden f\u00fcr Zwecke der Bearbeitung Ihres Anliegens und der Kontaktaufnahme mit Ihnen gespeichert. Die L\u00f6schung der Daten erfolgt, sobald deren Speicherung f\u00fcr die Bearbeitung Ihres Anliegens nicht mehr erforderlich ist.<\/p>\n\n\n\n<p><span style=\"text-decoration: underline\">Sie k\u00f6nnen folgende Rechte geltend machen:<\/span><\/p>\n\n\n\n<h5 class=\"wp-block-heading\"><strong>Auskunft\/ Akteneinsicht<\/strong><\/h5>\n\n\n\n<p>Gem. Art. 15 DSGVO haben Sie das Recht, Auskunft bzw. Akteneinsicht \u00fcber die von uns verarbeiteten personenbezogenen Daten zu erhalten.<\/p>\n\n\n\n<h5 class=\"wp-block-heading\"><strong>Berichtigung<\/strong><\/h5>\n\n\n\n<p>Sind bei uns gespeicherte personenbezogene Daten unrichtig oder unvollst\u00e4ndig, haben Sie gem. Art. 16 DSGVO das Recht, diese berichtigen bzw. vervollst\u00e4ndigen zu lassen.<\/p>\n\n\n\n<h5 class=\"wp-block-heading\"><strong>L\u00f6schung<\/strong><\/h5>\n\n\n\n<p>Art. 17 DSGVO normiert das Recht auf L\u00f6schung personenbezogener Daten. Dieses Recht steht Ihnen insbesondere dann zu, wenn die Speicherung der personenbezogenen Daten zur Erf\u00fcllung unserer gesetzlichen Aufgaben nicht mehr erforderlich ist oder Sie Ihre Einwilligung zur Datenverarbeitung mit Wirkung f\u00fcr die Zukunft widerrufen haben.<\/p>\n\n\n\n<h5 class=\"wp-block-heading\"><strong>Einschr\u00e4nkung der Verarbeitung<\/strong><\/h5>\n\n\n\n<p>Gem. Art. 18 DSGVO k\u00f6nnen Sie die Einschr\u00e4nkung der personenbezogenen Daten verlangen, wenn<\/p>\n\n\n\n<ul class=\"wp-block-list\">\n<li>die Richtigkeit der Daten von Ihnen bestritten wird<\/li>\n\n\n\n<li>die Verarbeitung unrechtm\u00e4\u00dfig ist, Sie aber deren L\u00f6schung ablehnen<\/li>\n\n\n\n<li>wir die Daten nicht mehr ben\u00f6tigen, Sie jedoch diese zur Geltendmachung, Aus\u00fcbung oder Verteidigung von Rechtsanspr\u00fcchen ben\u00f6tigen<\/li>\n\n\n\n<li>oder Sie gem\u00e4\u00df Art. 21 DSGVO Widerspruch gegen die Verarbeitung eingelegt haben<\/li>\n<\/ul>\n\n\n\n<h5 class=\"wp-block-heading\"><strong>Widerspruch<\/strong><\/h5>\n\n\n\n<p>Sie k\u00f6nnen bei Gr\u00fcnden, die sich aus Ihrer besonderen Situation ergeben, ein Widerspruchsrecht geltend machen. Gem. Art. 21 DSGVO ist jedoch zu ber\u00fccksichtigten, ob schutzw\u00fcrdige Gr\u00fcnde f\u00fcr die Verarbeitung vorliegen oder die Verarbeitung der Geltendmachung, Aus\u00fcbung oder Verteidigung von Rechtsanspr\u00fcchen dient.<\/p>\n\n\n\n<p><strong>Daten\u00fcbertragbarkeit<\/strong><\/p>\n\n\n\n<p>Ist die Verarbeitung Ihrer Daten mit &nbsp;Hilfe eines automatisierten Verfahrens erfolgt, haben Sie gem. Art. 20 DSGVO das Recht, die Daten in einem g\u00e4ngigen und maschinenlesbaren Format zu erhalten und an eine andere Schule zu \u00fcbermitteln bzw. durch uns \u00fcbermitteln zu lassen.<\/p>\n\n\n\n<h5 class=\"wp-block-heading\"><strong>Widerruf der Einwilligung<\/strong><\/h5>\n\n\n\n<p>Sie haben gem. Art. 7 Absatz 3 DSGVO das Recht, uns erteilte Einwilligungen jederzeit mit Wirkung f\u00fcr die Zukunft zu widerrufen.<\/p>\n\n\n\n<div style=\"height:100px\" aria-hidden=\"true\" class=\"wp-block-spacer\"><\/div>\n\n\n\n<div class=\"wp-block-columns alignwide is-layout-flex wp-container-core-columns-is-layout-3 wp-block-columns-is-layout-flex\">\n<div class=\"wp-block-column is-layout-flow wp-block-column-is-layout-flow\" style=\"flex-basis:100%\">\n<div class=\"wp-block-columns alignwide has-chivo-font-family is-layout-flex wp-container-core-columns-is-layout-1 wp-block-columns-is-layout-flex\">\n<div class=\"wp-block-column is-layout-flow wp-block-column-is-layout-flow\">\n<h1 class=\"wp-block-heading has-text-align-center has-chivo-font-family has-medium-font-size\"><strong>Grundschule Hemmingen-Westerfeld<\/strong><\/h1>\n\n\n\n<p class=\"has-text-align-center\">K\u00f6llnbrinkweg 48<\/p>\n\n\n\n<p class=\"has-text-align-center\">30966 Hemmingen<\/p>\n<\/div>\n\n\n\n<div class=\"wp-block-column is-layout-flow wp-block-column-is-layout-flow\">\n<p class=\"has-text-align-center\"><strong>Lassen Sie es uns wissen,<\/strong><\/p>\n\n\n\n<p class=\"has-text-align-center\"><strong>wenn Sie Fragen haben.<\/strong><\/p>\n\n\n\n<p class=\"has-text-align-center\"><a href=\"mailto:sekretariat@gshemmingen-westerfeld.de\" data-type=\"mailto\" data-id=\"mailto:sekretariat@gshemmingen-westerfeld.de\">\u2709 sekretariat@gshemmingen-westerfeld.de<\/a><\/p>\n<\/div>\n<\/div>\n\n\n\n<div style=\"height:40px\" aria-hidden=\"true\" class=\"wp-block-spacer\"><\/div>\n\n\n\n<p class=\"has-text-align-center has-chivo-font-family\">\u00a9 2023 Grundschule Hemmingen-Westerfeld<\/p>\n\n\n\n<div class=\"wp-block-columns has-chivo-font-family is-layout-flex wp-container-core-columns-is-layout-2 wp-block-columns-is-layout-flex\">\n<div class=\"wp-block-column is-layout-flow wp-block-column-is-layout-flow\">\n<p class=\"has-text-align-center has-link-color wp-elements-a3464565d3f97647b68b682ae352363d\"><a href=\"https:\/\/gshemmingen-westerfeld.de\/index.php\/impressum\/\" data-type=\"page\" data-id=\"129\">Impressum<\/a> &amp; <a href=\"https:\/\/gshemmingen-westerfeld.de\/index.php\/datenschutz\/\" data-type=\"page\" data-id=\"133\">Datenschutz<\/a><\/p>\n<\/div>\n<\/div>\n<\/div>\n<\/div>\n","protected":false},"excerpt":{"rendered":"<p>Die Betreiber dieser Seiten nehmen den Schutz Ihrer pers\u00f6nlichen Daten sehr ernst. Wir behandeln Ihre personenbezogenen Daten vertraulich und entsprechend der gesetzlichen Datenschutzvorschriften, sowie dieser Datenschutzerkl\u00e4rung. Die Nutzung unserer Webseite ist in der Regel ohne Angabe personenbezogener Daten m\u00f6glich. Soweit auf unseren Seiten personenbezogene Daten (beispielsweise Name, Anschrift oder E-Mail-Adressen) erhoben werden, erfolgt dies, soweit [&hellip;]<\/p>\n","protected":false},"author":1,"featured_media":0,"parent":0,"menu_order":0,"comment_status":"closed","ping_status":"closed","template":"","meta":{"footnotes":""},"class_list":["post-133","page","type-page","status-publish","hentry"],"jetpack_sharing_enabled":true,"_links":{"self":[{"href":"https:\/\/gshemmingen-westerfeld.de\/index.php\/wp-json\/wp\/v2\/pages\/133","targetHints":{"allow":["GET"]}}],"collection":[{"href":"https:\/\/gshemmingen-westerfeld.de\/index.php\/wp-json\/wp\/v2\/pages"}],"about":[{"href":"https:\/\/gshemmingen-westerfeld.de\/index.php\/wp-json\/wp\/v2\/types\/page"}],"author":[{"embeddable":true,"href":"https:\/\/gshemmingen-westerfeld.de\/index.php\/wp-json\/wp\/v2\/users\/1"}],"replies":[{"embeddable":true,"href":"https:\/\/gshemmingen-westerfeld.de\/index.php\/wp-json\/wp\/v2\/comments?post=133"}],"version-history":[{"count":1,"href":"https:\/\/gshemmingen-westerfeld.de\/index.php\/wp-json\/wp\/v2\/pages\/133\/revisions"}],"predecessor-version":[{"id":1015,"href":"https:\/\/gshemmingen-westerfeld.de\/index.php\/wp-json\/wp\/v2\/pages\/133\/revisions\/1015"}],"wp:attachment":[{"href":"https:\/\/gshemmingen-westerfeld.de\/index.php\/wp-json\/wp\/v2\/media?parent=133"}],"curies":[{"name":"wp","href":"https:\/\/api.w.org\/{rel}","templated":true}]}}