{"id":1374,"date":"2023-11-24T18:33:28","date_gmt":"2023-11-24T18:33:28","guid":{"rendered":"https:\/\/gshemmingen-westerfeld.de\/?page_id=1374"},"modified":"2023-12-05T10:52:19","modified_gmt":"2023-12-05T10:52:19","slug":"schuelerrat","status":"publish","type":"page","link":"https:\/\/gshemmingen-westerfeld.de\/index.php\/schuelerrat\/","title":{"rendered":"Sch\u00fclerrat"},"content":{"rendered":"\n<h2 class=\"wp-block-heading\"><strong>Sch\u00fclerrat<\/strong><\/h2>\n\n\n\n<p><\/p>\n\n\n\n<p class=\"has-text-align-center\">Partizipation und Demokratief\u00e4higkeit\u2026ins Gespr\u00e4ch kommen, bei wichtigen Entscheidungen mitbestimmen\u2026die Kinder unserer Schule sollen und wollen geh\u00f6rt werden!<\/p>\n\n\n\n<p><\/p>\n\n\n\n<figure class=\"wp-block-image size-large\"><img loading=\"lazy\" decoding=\"async\" width=\"1024\" height=\"923\" src=\"https:\/\/gshemmingen-westerfeld.de\/wp-content\/uploads\/2023\/12\/Bildschirmfoto-2023-12-05-um-11.51.14-1024x923.png\" alt=\"\" class=\"wp-image-1429\" srcset=\"https:\/\/gshemmingen-westerfeld.de\/wp-content\/uploads\/2023\/12\/Bildschirmfoto-2023-12-05-um-11.51.14-1024x923.png 1024w, https:\/\/gshemmingen-westerfeld.de\/wp-content\/uploads\/2023\/12\/Bildschirmfoto-2023-12-05-um-11.51.14-300x270.png 300w, https:\/\/gshemmingen-westerfeld.de\/wp-content\/uploads\/2023\/12\/Bildschirmfoto-2023-12-05-um-11.51.14-768x692.png 768w, https:\/\/gshemmingen-westerfeld.de\/wp-content\/uploads\/2023\/12\/Bildschirmfoto-2023-12-05-um-11.51.14.png 1056w\" sizes=\"auto, (max-width: 1024px) 100vw, 1024px\" \/><\/figure>\n\n\n\n<p>Hierf\u00fcr hat die Schulsozialarbeiterin Frau Wopienik den Schulkinderrat zum ersten Mal am 03.11.2023 einberufen.<\/p>\n\n\n\n<p>In regelm\u00e4\u00dfigen Sitzungen werden sich die Klassensprecher:innen der 2.-4. Klassen von nun an mit wichtigen Themen der Schulgemeinschaft (wie bspw. Schulhofgestaltung, Regeln f\u00fcrs Miteinander und noch vieles mehr) auseinandersetzten.<\/p>\n","protected":false},"excerpt":{"rendered":"<p>Sch\u00fclerrat Partizipation und Demokratief\u00e4higkeit\u2026ins Gespr\u00e4ch kommen, bei wichtigen Entscheidungen mitbestimmen\u2026die Kinder unserer Schule sollen und wollen geh\u00f6rt werden! Hierf\u00fcr hat die Schulsozialarbeiterin Frau Wopienik den Schulkinderrat zum ersten Mal am 03.11.2023 einberufen. In regelm\u00e4\u00dfigen Sitzungen werden sich die Klassensprecher:innen der 2.-4. Klassen von nun an mit wichtigen Themen der Schulgemeinschaft (wie bspw. Schulhofgestaltung, Regeln f\u00fcrs [&hellip;]<\/p>\n","protected":false},"author":2,"featured_media":0,"parent":0,"menu_order":0,"comment_status":"closed","ping_status":"closed","template":"","meta":{"footnotes":""},"class_list":["post-1374","page","type-page","status-publish","hentry"],"jetpack_sharing_enabled":true,"_links":{"self":[{"href":"https:\/\/gshemmingen-westerfeld.de\/index.php\/wp-json\/wp\/v2\/pages\/1374","targetHints":{"allow":["GET"]}}],"collection":[{"href":"https:\/\/gshemmingen-westerfeld.de\/index.php\/wp-json\/wp\/v2\/pages"}],"about":[{"href":"https:\/\/gshemmingen-westerfeld.de\/index.php\/wp-json\/wp\/v2\/types\/page"}],"author":[{"embeddable":true,"href":"https:\/\/gshemmingen-westerfeld.de\/index.php\/wp-json\/wp\/v2\/users\/2"}],"replies":[{"embeddable":true,"href":"https:\/\/gshemmingen-westerfeld.de\/index.php\/wp-json\/wp\/v2\/comments?post=1374"}],"version-history":[{"count":4,"href":"https:\/\/gshemmingen-westerfeld.de\/index.php\/wp-json\/wp\/v2\/pages\/1374\/revisions"}],"predecessor-version":[{"id":1431,"href":"https:\/\/gshemmingen-westerfeld.de\/index.php\/wp-json\/wp\/v2\/pages\/1374\/revisions\/1431"}],"wp:attachment":[{"href":"https:\/\/gshemmingen-westerfeld.de\/index.php\/wp-json\/wp\/v2\/media?parent=1374"}],"curies":[{"name":"wp","href":"https:\/\/api.w.org\/{rel}","templated":true}]}}