{"id":1433,"date":"2023-12-06T15:56:46","date_gmt":"2023-12-06T15:56:46","guid":{"rendered":"https:\/\/gshemmingen-westerfeld.de\/?page_id=1433"},"modified":"2025-11-05T08:51:05","modified_gmt":"2025-11-05T08:51:05","slug":"fachkonferenzen","status":"publish","type":"page","link":"https:\/\/gshemmingen-westerfeld.de\/index.php\/fachkonferenzen\/","title":{"rendered":"Fachkonferenzen"},"content":{"rendered":"\n<h2 class=\"wp-block-heading\"><strong>Fachkonferenzen<\/strong><\/h2>\n\n\n\n<p><\/p>\n\n\n\n<h4 class=\"wp-block-heading\">Fachkonferenzleitungen<\/h4>\n\n\n\n<p>FK Deutsch: Frau Smollich, Frau Joergensen-Schof<\/p>\n\n\n\n<p>FK Mathe: Frau Bartels-Prinz, Frau Damitz<\/p>\n\n\n\n<p>FK Sachunterricht: Frau Jakobs, Frau Megerle<\/p>\n\n\n\n<p>FK Englisch: Frau Kubrin, Frau Ru\u00df<\/p>\n\n\n\n<p>FK Kunst, TG\/ GW: Frau Lubert, Frau Petrol<\/p>\n\n\n\n<p>FK Musik: Frau F\u00f6rster-Gieseke, Frau Friedrich <\/p>\n\n\n\n<p>FK Sport: Frau Raatz, Frau B\u00fcngeler<\/p>\n\n\n\n<p>FK Religion: Frau Fr\u00f6hnel-Axthelm, Frau Jennings<\/p>\n\n\n\n<p>FK Werte und Normen: Frau Schr\u00f6der<\/p>\n\n\n\n<p>Kinderschutzkonzept: Frau D\u00fcck<\/p>\n\n\n\n<p>Erste-Hilfe: Frau Dr. Ortmaier<\/p>\n\n\n\n<p>Brandschutz: Frau D\u00fcck, Frau Hollemann<\/p>\n\n\n\n<p><\/p>\n","protected":false},"excerpt":{"rendered":"<p>Fachkonferenzen Fachkonferenzleitungen FK Deutsch: Frau Smollich, Frau Joergensen-Schof FK Mathe: Frau Bartels-Prinz, Frau Damitz FK Sachunterricht: Frau Jakobs, Frau Megerle FK Englisch: Frau Kubrin, Frau Ru\u00df FK Kunst, TG\/ GW: Frau Lubert, Frau Petrol FK Musik: Frau F\u00f6rster-Gieseke, Frau Friedrich FK Sport: Frau Raatz, Frau B\u00fcngeler FK Religion: Frau Fr\u00f6hnel-Axthelm, Frau Jennings FK Werte und [&hellip;]<\/p>\n","protected":false},"author":2,"featured_media":0,"parent":0,"menu_order":0,"comment_status":"closed","ping_status":"closed","template":"","meta":{"footnotes":""},"class_list":["post-1433","page","type-page","status-publish","hentry"],"jetpack_sharing_enabled":true,"_links":{"self":[{"href":"https:\/\/gshemmingen-westerfeld.de\/index.php\/wp-json\/wp\/v2\/pages\/1433","targetHints":{"allow":["GET"]}}],"collection":[{"href":"https:\/\/gshemmingen-westerfeld.de\/index.php\/wp-json\/wp\/v2\/pages"}],"about":[{"href":"https:\/\/gshemmingen-westerfeld.de\/index.php\/wp-json\/wp\/v2\/types\/page"}],"author":[{"embeddable":true,"href":"https:\/\/gshemmingen-westerfeld.de\/index.php\/wp-json\/wp\/v2\/users\/2"}],"replies":[{"embeddable":true,"href":"https:\/\/gshemmingen-westerfeld.de\/index.php\/wp-json\/wp\/v2\/comments?post=1433"}],"version-history":[{"count":6,"href":"https:\/\/gshemmingen-westerfeld.de\/index.php\/wp-json\/wp\/v2\/pages\/1433\/revisions"}],"predecessor-version":[{"id":1981,"href":"https:\/\/gshemmingen-westerfeld.de\/index.php\/wp-json\/wp\/v2\/pages\/1433\/revisions\/1981"}],"wp:attachment":[{"href":"https:\/\/gshemmingen-westerfeld.de\/index.php\/wp-json\/wp\/v2\/media?parent=1433"}],"curies":[{"name":"wp","href":"https:\/\/api.w.org\/{rel}","templated":true}]}}