{"id":496,"date":"2023-04-12T09:03:05","date_gmt":"2023-04-12T07:03:05","guid":{"rendered":"https:\/\/grundschulehw.wordpress.com\/?page_id=496"},"modified":"2026-01-29T17:00:58","modified_gmt":"2026-01-29T17:00:58","slug":"forderverein","status":"publish","type":"page","link":"https:\/\/gshemmingen-westerfeld.de\/index.php\/forderverein\/","title":{"rendered":"F\u00f6rderverein"},"content":{"rendered":"\n<h1 class=\"wp-block-heading has-text-align-center\"><strong>F\u00f6rderverein<\/strong><\/h1>\n\n\n\n<div style=\"height:46px\" aria-hidden=\"true\" class=\"wp-block-spacer\"><\/div>\n\n\n\n<figure class=\"wp-block-image size-large is-resized\"><img loading=\"lazy\" decoding=\"async\" width=\"1024\" height=\"1024\" src=\"https:\/\/gshemmingen-westerfeld.de\/wp-content\/uploads\/2026\/01\/Wir-sind-die-neuen_FINAL-1024x1024.png\" alt=\"\" class=\"wp-image-2072\" style=\"aspect-ratio:1;width:642px;height:auto\" srcset=\"https:\/\/gshemmingen-westerfeld.de\/wp-content\/uploads\/2026\/01\/Wir-sind-die-neuen_FINAL-1024x1024.png 1024w, https:\/\/gshemmingen-westerfeld.de\/wp-content\/uploads\/2026\/01\/Wir-sind-die-neuen_FINAL-300x300.png 300w, https:\/\/gshemmingen-westerfeld.de\/wp-content\/uploads\/2026\/01\/Wir-sind-die-neuen_FINAL-150x150.png 150w, https:\/\/gshemmingen-westerfeld.de\/wp-content\/uploads\/2026\/01\/Wir-sind-die-neuen_FINAL-768x768.png 768w, https:\/\/gshemmingen-westerfeld.de\/wp-content\/uploads\/2026\/01\/Wir-sind-die-neuen_FINAL.png 1080w\" sizes=\"auto, (max-width: 1024px) 100vw, 1024px\" \/><\/figure>\n\n\n\n<p class=\"has-text-align-center\">Zur Website: <\/p>\n\n\n\n<p class=\"has-text-align-center\"><a rel=\"noreferrer noopener\" href=\"https:\/\/www.fv-gshemmingen-westerfeld.de\/\" target=\"_blank\">https:\/\/www.fv-gshemmingen-westerfeld.de\/<\/a>\/<\/p>\n\n\n\n<p class=\"has-text-align-center\">Zur Instagram-Seite: <a href=\"https:\/\/www.instagram.com\/foerdervereingshw\/\">https:\/\/www.instagram.com\/foerdervereingshw\/<\/a><\/p>\n\n\n\n<p class=\"has-text-align-center\"><\/p>\n\n\n\n<div class=\"wp-block-columns alignwide is-layout-flex wp-container-core-columns-is-layout-1 wp-block-columns-is-layout-flex\">\n<div class=\"wp-block-column is-layout-flow wp-block-column-is-layout-flow\">\n<h4 class=\"wp-block-heading has-text-align-center\">Der aktuelle Vorstand <br>des F\u00f6rdervereins<\/h4>\n\n\n\n<p class=\"has-text-align-center\">Vorsitzende: Aileen Offenhausen<\/p>\n\n\n\n<p class=\"has-text-align-center\">1. Stellvertreterin: Theresa G\u00fcnther<\/p>\n\n\n\n<p class=\"has-text-align-center\">2. Stellvertreterin: Katharina Niemann<\/p>\n\n\n\n<p class=\"has-text-align-center\">Kassenwartin: Nadine Mundt<\/p>\n\n\n\n<p class=\"has-text-align-center\">Schriftf\u00fchrer: Susanne Klusmann<\/p>\n\n\n\n<p class=\"has-text-align-center\">Beisitzer: Nadja Schmidt, Jessica Raatz<\/p>\n<\/div>\n\n\n\n<div class=\"wp-block-column is-layout-flow wp-block-column-is-layout-flow\">\n<figure class=\"wp-block-image aligncenter size-large is-resized\"><img loading=\"lazy\" decoding=\"async\" width=\"1280\" height=\"1280\" src=\"https:\/\/grundschulehw.files.wordpress.com\/2023\/05\/globe-304586_1280.png?w=1024\" alt=\"\" class=\"wp-image-722\"\/><\/figure>\n<\/div>\n<\/div>\n\n\n\n<div style=\"height:60px\" aria-hidden=\"true\" class=\"wp-block-spacer\"><\/div>\n\n\n\n<div class=\"wp-block-columns alignwide is-layout-flex wp-container-core-columns-is-layout-2 wp-block-columns-is-layout-flex\">\n<div class=\"wp-block-column is-layout-flow wp-block-column-is-layout-flow\">\n<div data-wp-interactive=\"core\/file\" class=\"wp-block-file aligncenter\"><object data-wp-bind--hidden=\"!state.hasPdfPreview\" hidden class=\"wp-block-file__embed\" data=\"https:\/\/gshemmingen-westerfeld.de\/wp-content\/uploads\/2024\/04\/Beitrittserklaerung-und-Werbezettel-Foerderverein-ab-03.2024-u.a.-f.-Schulbuchaktion-2024-25.pdf\" type=\"application\/pdf\" style=\"width:100%;height:600px\" aria-label=\"Einbettung von Beitrittserkl\u00e4rung .\"><\/object><a id=\"wp-block-file--media-1379c48c-aa24-4917-a87a-b0273d4c02f6\" href=\"https:\/\/gshemmingen-westerfeld.de\/wp-content\/uploads\/2024\/04\/Beitrittserklaerung-und-Werbezettel-Foerderverein-ab-03.2024-u.a.-f.-Schulbuchaktion-2024-25.pdf\" target=\"_blank\" rel=\"noreferrer noopener\">Beitrittserkl\u00e4rung <\/a><\/div>\n<\/div>\n\n\n\n<div class=\"wp-block-column is-layout-flow wp-block-column-is-layout-flow\">\n<div data-wp-interactive=\"core\/file\" class=\"wp-block-file aligncenter\"><object data-wp-bind--hidden=\"!state.hasPdfPreview\" hidden class=\"wp-block-file__embed\" data=\"https:\/\/gshemmingen-westerfeld.de\/wp-content\/uploads\/2024\/04\/Vordruck-fuer-Foerder-Erklaerung-bzw.-Spendenerklaerung-20244.pdf\" type=\"application\/pdf\" style=\"width:100%;height:600px\" aria-label=\"Einbettung von Spendenerkl\u00e4rung.\"><\/object><a id=\"wp-block-file--media-465b5d4f-2fdd-43f7-aaf7-8c718fbffd17\" href=\"https:\/\/gshemmingen-westerfeld.de\/wp-content\/uploads\/2024\/04\/Vordruck-fuer-Foerder-Erklaerung-bzw.-Spendenerklaerung-20244.pdf\" target=\"_blank\" rel=\"noreferrer noopener\">Spendenerkl\u00e4rung<\/a><\/div>\n<\/div>\n<\/div>\n\n\n\n<h4 class=\"wp-block-heading has-text-align-center\"><strong>Interesse an einem Schul-T-Shirt oder Schul-Hoodie?<\/strong><\/h4>\n\n\n\n<figure class=\"wp-block-gallery has-nested-images columns-default is-cropped wp-block-gallery-1 is-layout-flex wp-block-gallery-is-layout-flex\">\n<figure class=\"wp-block-image size-large has-custom-border\"><img loading=\"lazy\" decoding=\"async\" width=\"1024\" height=\"768\" data-id=\"1553\" src=\"https:\/\/gshemmingen-westerfeld.de\/wp-content\/uploads\/2024\/04\/IMG_7149-1024x768.jpeg\" alt=\"\" class=\"wp-image-1553\" style=\"border-radius:20px\" srcset=\"https:\/\/gshemmingen-westerfeld.de\/wp-content\/uploads\/2024\/04\/IMG_7149-1024x768.jpeg 1024w, https:\/\/gshemmingen-westerfeld.de\/wp-content\/uploads\/2024\/04\/IMG_7149-300x225.jpeg 300w, https:\/\/gshemmingen-westerfeld.de\/wp-content\/uploads\/2024\/04\/IMG_7149-768x576.jpeg 768w, https:\/\/gshemmingen-westerfeld.de\/wp-content\/uploads\/2024\/04\/IMG_7149-1536x1152.jpeg 1536w, https:\/\/gshemmingen-westerfeld.de\/wp-content\/uploads\/2024\/04\/IMG_7149-2048x1536.jpeg 2048w\" sizes=\"auto, (max-width: 1024px) 100vw, 1024px\" \/><\/figure>\n\n\n\n<figure class=\"wp-block-image size-large has-custom-border\"><img loading=\"lazy\" decoding=\"async\" width=\"1024\" height=\"768\" data-id=\"1552\" src=\"https:\/\/gshemmingen-westerfeld.de\/wp-content\/uploads\/2024\/04\/IMG_7148-1024x768.jpeg\" alt=\"\" class=\"wp-image-1552\" style=\"border-radius:20px\" srcset=\"https:\/\/gshemmingen-westerfeld.de\/wp-content\/uploads\/2024\/04\/IMG_7148-1024x768.jpeg 1024w, https:\/\/gshemmingen-westerfeld.de\/wp-content\/uploads\/2024\/04\/IMG_7148-300x225.jpeg 300w, https:\/\/gshemmingen-westerfeld.de\/wp-content\/uploads\/2024\/04\/IMG_7148-768x576.jpeg 768w, https:\/\/gshemmingen-westerfeld.de\/wp-content\/uploads\/2024\/04\/IMG_7148-1536x1152.jpeg 1536w, https:\/\/gshemmingen-westerfeld.de\/wp-content\/uploads\/2024\/04\/IMG_7148-2048x1536.jpeg 2048w\" sizes=\"auto, (max-width: 1024px) 100vw, 1024px\" \/><\/figure>\n<\/figure>\n\n\n\n<p>\u00dcber dieses Formular kannst du T-Shirts und Hoodies mit Schullogo in diversen Farben f\u00fcr Kinder oder Erwachsene bestellen: <\/p>\n\n\n\n<div data-wp-interactive=\"core\/file\" class=\"wp-block-file\"><object data-wp-bind--hidden=\"!state.hasPdfPreview\" hidden class=\"wp-block-file__embed\" data=\"https:\/\/gshemmingen-westerfeld.de\/wp-content\/uploads\/2024\/04\/Neu_FV-Kinder-TShirts-Hoodies-Bestellformular_06042024.pdf\" type=\"application\/pdf\" style=\"width:100%;height:600px\" aria-label=\"Einbettung von &lt;br&gt;FV-Kinder-TShirts-Hoodies.\"><\/object><a id=\"wp-block-file--media-e4b1ed86-0c3f-4532-a053-8405811f67ca\" href=\"https:\/\/gshemmingen-westerfeld.de\/wp-content\/uploads\/2024\/04\/Neu_FV-Kinder-TShirts-Hoodies-Bestellformular_06042024.pdf\"><br>FV-Kinder-TShirts-Hoodies<\/a><a href=\"https:\/\/gshemmingen-westerfeld.de\/wp-content\/uploads\/2024\/04\/Neu_FV-Kinder-TShirts-Hoodies-Bestellformular_06042024.pdf\" class=\"wp-block-file__button wp-element-button\" download aria-describedby=\"wp-block-file--media-e4b1ed86-0c3f-4532-a053-8405811f67ca\">Herunterladen<\/a><\/div>\n\n\n\n<div data-wp-interactive=\"core\/file\" class=\"wp-block-file\"><object data-wp-bind--hidden=\"!state.hasPdfPreview\" hidden class=\"wp-block-file__embed\" data=\"https:\/\/gshemmingen-westerfeld.de\/wp-content\/uploads\/2024\/04\/FV-Erwachsenen-TShirts-Hoodies-Bestellformular_06042024.pdf\" type=\"application\/pdf\" style=\"width:100%;height:600px\" aria-label=\"Einbettung von FV-Erwachsenen-TShirts-Hoodies.\"><\/object><a id=\"wp-block-file--media-9f5223eb-ca25-4555-9b32-5a50a319b2ff\" href=\"https:\/\/gshemmingen-westerfeld.de\/wp-content\/uploads\/2024\/04\/FV-Erwachsenen-TShirts-Hoodies-Bestellformular_06042024.pdf\">FV-Erwachsenen-TShirts-Hoodies<\/a><a href=\"https:\/\/gshemmingen-westerfeld.de\/wp-content\/uploads\/2024\/04\/FV-Erwachsenen-TShirts-Hoodies-Bestellformular_06042024.pdf\" class=\"wp-block-file__button wp-element-button\" download aria-describedby=\"wp-block-file--media-9f5223eb-ca25-4555-9b32-5a50a319b2ff\">Herunterladen<\/a><\/div>\n\n\n\n<div class=\"wp-block-columns alignwide is-layout-flex wp-container-core-columns-is-layout-5 wp-block-columns-is-layout-flex\">\n<div class=\"wp-block-column is-layout-flow wp-block-column-is-layout-flow\" style=\"flex-basis:100%\">\n<div class=\"wp-block-columns alignwide has-chivo-font-family is-layout-flex wp-container-core-columns-is-layout-3 wp-block-columns-is-layout-flex\">\n<div class=\"wp-block-column is-layout-flow wp-block-column-is-layout-flow\">\n<h1 class=\"wp-block-heading has-text-align-center has-chivo-font-family has-medium-font-size\"><strong>Grundschule Hemmingen-Westerfeld<\/strong><\/h1>\n\n\n\n<p class=\"has-text-align-center\">K\u00f6llnbrinkweg 48<\/p>\n\n\n\n<p class=\"has-text-align-center\">30966 Hemmingen<\/p>\n<\/div>\n\n\n\n<div class=\"wp-block-column is-layout-flow wp-block-column-is-layout-flow\">\n<p class=\"has-text-align-center\"><strong>Lassen Sie es uns wissen,<\/strong><\/p>\n\n\n\n<p class=\"has-text-align-center\"><strong>wenn Sie Fragen haben.<\/strong><\/p>\n\n\n\n<p class=\"has-text-align-center\"><a href=\"mailto:sekretariat@gshemmingen-westerfeld.de\" data-type=\"mailto\" data-id=\"mailto:sekretariat@gshemmingen-westerfeld.de\">\u2709 sekretariat@gshemmingen-westerfeld.de<\/a><\/p>\n<\/div>\n<\/div>\n\n\n\n<div style=\"height:40px\" aria-hidden=\"true\" class=\"wp-block-spacer\"><\/div>\n\n\n\n<p class=\"has-text-align-center has-chivo-font-family\">\u00a9 2023 Grundschule Hemmingen-Westerfeld<\/p>\n\n\n\n<div class=\"wp-block-columns has-chivo-font-family is-layout-flex wp-container-core-columns-is-layout-4 wp-block-columns-is-layout-flex\">\n<div class=\"wp-block-column is-layout-flow wp-block-column-is-layout-flow\">\n<p class=\"has-text-align-center has-link-color wp-elements-a3464565d3f97647b68b682ae352363d\"><a href=\"https:\/\/gshemmingen-westerfeld.de\/index.php\/impressum\/\" data-type=\"page\" data-id=\"129\">Impressum<\/a> &amp; <a href=\"https:\/\/gshemmingen-westerfeld.de\/index.php\/datenschutz\/\" data-type=\"page\" data-id=\"133\">Datenschutz<\/a><\/p>\n<\/div>\n<\/div>\n<\/div>\n<\/div>\n","protected":false},"excerpt":{"rendered":"<p>F\u00f6rderverein Zur Website: https:\/\/www.fv-gshemmingen-westerfeld.de\/\/ Zur Instagram-Seite: https:\/\/www.instagram.com\/foerdervereingshw\/ Der aktuelle Vorstand des F\u00f6rdervereins Vorsitzende: Aileen Offenhausen 1. Stellvertreterin: Theresa G\u00fcnther 2. Stellvertreterin: Katharina Niemann Kassenwartin: Nadine Mundt Schriftf\u00fchrer: Susanne Klusmann Beisitzer: Nadja Schmidt, Jessica Raatz Interesse an einem Schul-T-Shirt oder Schul-Hoodie? \u00dcber dieses Formular kannst du T-Shirts und Hoodies mit Schullogo in diversen Farben f\u00fcr Kinder [&hellip;]<\/p>\n","protected":false},"author":1,"featured_media":0,"parent":0,"menu_order":0,"comment_status":"closed","ping_status":"closed","template":"","meta":{"footnotes":""},"class_list":["post-496","page","type-page","status-publish","hentry"],"jetpack_sharing_enabled":true,"_links":{"self":[{"href":"https:\/\/gshemmingen-westerfeld.de\/index.php\/wp-json\/wp\/v2\/pages\/496","targetHints":{"allow":["GET"]}}],"collection":[{"href":"https:\/\/gshemmingen-westerfeld.de\/index.php\/wp-json\/wp\/v2\/pages"}],"about":[{"href":"https:\/\/gshemmingen-westerfeld.de\/index.php\/wp-json\/wp\/v2\/types\/page"}],"author":[{"embeddable":true,"href":"https:\/\/gshemmingen-westerfeld.de\/index.php\/wp-json\/wp\/v2\/users\/1"}],"replies":[{"embeddable":true,"href":"https:\/\/gshemmingen-westerfeld.de\/index.php\/wp-json\/wp\/v2\/comments?post=496"}],"version-history":[{"count":28,"href":"https:\/\/gshemmingen-westerfeld.de\/index.php\/wp-json\/wp\/v2\/pages\/496\/revisions"}],"predecessor-version":[{"id":2084,"href":"https:\/\/gshemmingen-westerfeld.de\/index.php\/wp-json\/wp\/v2\/pages\/496\/revisions\/2084"}],"wp:attachment":[{"href":"https:\/\/gshemmingen-westerfeld.de\/index.php\/wp-json\/wp\/v2\/media?parent=496"}],"curies":[{"name":"wp","href":"https:\/\/api.w.org\/{rel}","templated":true}]}}